{"id":30380,"date":"2021-07-01T09:12:18","date_gmt":"2021-07-01T07:12:18","guid":{"rendered":"https:\/\/www.atmos.eu\/produkt\/zplynovaci-kotle-s-upravou-pro-horak-na-pelety\/c32st-s-upravou\/"},"modified":"2024-11-01T10:42:16","modified_gmt":"2024-11-01T09:42:16","slug":"c32st-%d1%81-%d0%bc%d0%be%d0%b4%d0%b8%d1%84%d0%b8%d0%ba%d0%b0%d1%86%d0%b8%d0%b5%d0%b9","status":"publish","type":"product","link":"https:\/\/www.atmos.eu\/ru\/produkt\/gazifikatsionnyye-kotly-s-modifikatsiyey-dlya-pelletnoy-gorelki\/c32st-%d1%81-%d0%bc%d0%be%d0%b4%d0%b8%d1%84%d0%b8%d0%ba%d0%b0%d1%86%d0%b8%d0%b5%d0%b9\/","title":{"rendered":"C32ST \u0441 \u043c\u043e\u0434\u0438\u0444\u0438\u043a\u0430\u0446\u0438\u0435\u0439"},"content":{"rendered":"","protected":false},"featured_media":30379,"parent":30367,"menu_order":9,"template":"","class_list":["post-30380","product","type-product","status-publish","has-post-thumbnail","hentry","product-parameters-30-40-ru","product-parameters-430-mm-ru","product-parameters-588","product-parameters-592","product-parameters-589"],"yoast_head":"<!-- This site is optimized with the Yoast SEO plugin v25.6 - https:\/\/yoast.com\/wordpress\/plugins\/seo\/ -->\n<title>C32ST \u0441 \u043c\u043e\u0434\u0438\u0444\u0438\u043a\u0430\u0446\u0438\u0435\u0439 - ATMOS<\/title>\n<meta name=\"robots\" content=\"index, follow, max-snippet:-1, max-image-preview:large, max-video-preview:-1\" \/>\n<link rel=\"canonical\" href=\"https:\/\/www.atmos.eu\/ru\/produkt\/gazifikatsionnyye-kotly-s-modifikatsiyey-dlya-pelletnoy-gorelki\/c32st-%d1%81-%d0%bc%d0%be%d0%b4%d0%b8%d1%84%d0%b8%d0%ba%d0%b0%d1%86%d0%b8%d0%b5%d0%b9\/\" \/>\n<meta property=\"og:locale\" content=\"ru_RU\" \/>\n<meta property=\"og:type\" content=\"article\" \/>\n<meta property=\"og:title\" content=\"C32ST \u0441 \u043c\u043e\u0434\u0438\u0444\u0438\u043a\u0430\u0446\u0438\u0435\u0439 - ATMOS\" \/>\n<meta property=\"og:description\" content=\"Automatick\u00fd kotel na pelety (Zplynovac\u00ed kotel p\u016fvodn\u011b na hn\u011bd\u00e9 uhl\u00ed s \u00fapravou pro ho\u0159\u00e1k na pelety ve vrchn\u00edch dv\u00ed\u0159k\u00e1ch)\" \/>\n<meta property=\"og:url\" content=\"https:\/\/www.atmos.eu\/ru\/produkt\/gazifikatsionnyye-kotly-s-modifikatsiyey-dlya-pelletnoy-gorelki\/c32st-%d1%81-%d0%bc%d0%be%d0%b4%d0%b8%d1%84%d0%b8%d0%ba%d0%b0%d1%86%d0%b8%d0%b5%d0%b9\/\" \/>\n<meta property=\"og:site_name\" content=\"ATMOS\" \/>\n<meta property=\"article:modified_time\" content=\"2024-11-01T09:42:16+00:00\" \/>\n<meta property=\"og:image\" content=\"https:\/\/www.atmos.eu\/wp-content\/uploads\/2021\/07\/C-25ST-s-horakem-72.png\" \/>\n\t<meta property=\"og:image:width\" content=\"232\" \/>\n\t<meta property=\"og:image:height\" content=\"248\" \/>\n\t<meta property=\"og:image:type\" content=\"image\/png\" \/>\n<meta name=\"twitter:card\" content=\"summary_large_image\" \/>\n<meta name=\"twitter:label1\" content=\"\u041f\u0440\u0438\u043c\u0435\u0440\u043d\u043e\u0435 \u0432\u0440\u0435\u043c\u044f \u0434\u043b\u044f \u0447\u0442\u0435\u043d\u0438\u044f\" \/>\n\t<meta name=\"twitter:data1\" content=\"1 \u043c\u0438\u043d\u0443\u0442\u0430\" \/>\n<!-- \/ Yoast SEO plugin. -->","yoast_head_json":{"title":"C32ST \u0441 \u043c\u043e\u0434\u0438\u0444\u0438\u043a\u0430\u0446\u0438\u0435\u0439 - ATMOS","robots":{"index":"index","follow":"follow","max-snippet":"max-snippet:-1","max-image-preview":"max-image-preview:large","max-video-preview":"max-video-preview:-1"},"canonical":"https:\/\/www.atmos.eu\/ru\/produkt\/gazifikatsionnyye-kotly-s-modifikatsiyey-dlya-pelletnoy-gorelki\/c32st-%d1%81-%d0%bc%d0%be%d0%b4%d0%b8%d1%84%d0%b8%d0%ba%d0%b0%d1%86%d0%b8%d0%b5%d0%b9\/","og_locale":"ru_RU","og_type":"article","og_title":"C32ST \u0441 \u043c\u043e\u0434\u0438\u0444\u0438\u043a\u0430\u0446\u0438\u0435\u0439 - ATMOS","og_description":"Automatick\u00fd kotel na pelety (Zplynovac\u00ed kotel p\u016fvodn\u011b na hn\u011bd\u00e9 uhl\u00ed s \u00fapravou pro ho\u0159\u00e1k na pelety ve vrchn\u00edch dv\u00ed\u0159k\u00e1ch)","og_url":"https:\/\/www.atmos.eu\/ru\/produkt\/gazifikatsionnyye-kotly-s-modifikatsiyey-dlya-pelletnoy-gorelki\/c32st-%d1%81-%d0%bc%d0%be%d0%b4%d0%b8%d1%84%d0%b8%d0%ba%d0%b0%d1%86%d0%b8%d0%b5%d0%b9\/","og_site_name":"ATMOS","article_modified_time":"2024-11-01T09:42:16+00:00","og_image":[{"width":232,"height":248,"url":"https:\/\/www.atmos.eu\/wp-content\/uploads\/2021\/07\/C-25ST-s-horakem-72.png","type":"image\/png"}],"twitter_card":"summary_large_image","twitter_misc":{"\u041f\u0440\u0438\u043c\u0435\u0440\u043d\u043e\u0435 \u0432\u0440\u0435\u043c\u044f \u0434\u043b\u044f \u0447\u0442\u0435\u043d\u0438\u044f":"1 \u043c\u0438\u043d\u0443\u0442\u0430"},"schema":{"@context":"https:\/\/schema.org","@graph":[{"@type":"WebPage","@id":"https:\/\/www.atmos.eu\/ru\/produkt\/gazifikatsionnyye-kotly-s-modifikatsiyey-dlya-pelletnoy-gorelki\/c32st-%d1%81-%d0%bc%d0%be%d0%b4%d0%b8%d1%84%d0%b8%d0%ba%d0%b0%d1%86%d0%b8%d0%b5%d0%b9\/","url":"https:\/\/www.atmos.eu\/ru\/produkt\/gazifikatsionnyye-kotly-s-modifikatsiyey-dlya-pelletnoy-gorelki\/c32st-%d1%81-%d0%bc%d0%be%d0%b4%d0%b8%d1%84%d0%b8%d0%ba%d0%b0%d1%86%d0%b8%d0%b5%d0%b9\/","name":"C32ST \u0441 \u043c\u043e\u0434\u0438\u0444\u0438\u043a\u0430\u0446\u0438\u0435\u0439 - ATMOS","isPartOf":{"@id":"https:\/\/www.atmos.eu\/ru\/#website"},"primaryImageOfPage":{"@id":"https:\/\/www.atmos.eu\/ru\/produkt\/gazifikatsionnyye-kotly-s-modifikatsiyey-dlya-pelletnoy-gorelki\/c32st-%d1%81-%d0%bc%d0%be%d0%b4%d0%b8%d1%84%d0%b8%d0%ba%d0%b0%d1%86%d0%b8%d0%b5%d0%b9\/#primaryimage"},"image":{"@id":"https:\/\/www.atmos.eu\/ru\/produkt\/gazifikatsionnyye-kotly-s-modifikatsiyey-dlya-pelletnoy-gorelki\/c32st-%d1%81-%d0%bc%d0%be%d0%b4%d0%b8%d1%84%d0%b8%d0%ba%d0%b0%d1%86%d0%b8%d0%b5%d0%b9\/#primaryimage"},"thumbnailUrl":"https:\/\/www.atmos.eu\/wp-content\/uploads\/2021\/07\/C-25ST-s-horakem-72.png","datePublished":"2021-07-01T07:12:18+00:00","dateModified":"2024-11-01T09:42:16+00:00","breadcrumb":{"@id":"https:\/\/www.atmos.eu\/ru\/produkt\/gazifikatsionnyye-kotly-s-modifikatsiyey-dlya-pelletnoy-gorelki\/c32st-%d1%81-%d0%bc%d0%be%d0%b4%d0%b8%d1%84%d0%b8%d0%ba%d0%b0%d1%86%d0%b8%d0%b5%d0%b9\/#breadcrumb"},"inLanguage":"ru-RU","potentialAction":[{"@type":"ReadAction","target":["https:\/\/www.atmos.eu\/ru\/produkt\/gazifikatsionnyye-kotly-s-modifikatsiyey-dlya-pelletnoy-gorelki\/c32st-%d1%81-%d0%bc%d0%be%d0%b4%d0%b8%d1%84%d0%b8%d0%ba%d0%b0%d1%86%d0%b8%d0%b5%d0%b9\/"]}]},{"@type":"ImageObject","inLanguage":"ru-RU","@id":"https:\/\/www.atmos.eu\/ru\/produkt\/gazifikatsionnyye-kotly-s-modifikatsiyey-dlya-pelletnoy-gorelki\/c32st-%d1%81-%d0%bc%d0%be%d0%b4%d0%b8%d1%84%d0%b8%d0%ba%d0%b0%d1%86%d0%b8%d0%b5%d0%b9\/#primaryimage","url":"https:\/\/www.atmos.eu\/wp-content\/uploads\/2021\/07\/C-25ST-s-horakem-72.png","contentUrl":"https:\/\/www.atmos.eu\/wp-content\/uploads\/2021\/07\/C-25ST-s-horakem-72.png","width":232,"height":248,"caption":"C 25ST s ho\u0159\u00e1kem ATMOS"},{"@type":"BreadcrumbList","@id":"https:\/\/www.atmos.eu\/ru\/produkt\/gazifikatsionnyye-kotly-s-modifikatsiyey-dlya-pelletnoy-gorelki\/c32st-%d1%81-%d0%bc%d0%be%d0%b4%d0%b8%d1%84%d0%b8%d0%ba%d0%b0%d1%86%d0%b8%d0%b5%d0%b9\/#breadcrumb","itemListElement":[{"@type":"ListItem","position":1,"name":"Home","item":"https:\/\/www.atmos.eu\/ru\/"},{"@type":"ListItem","position":2,"name":"\u0413\u0430\u0437\u0438\u0444\u0438\u043a\u0430\u0446\u0438\u043e\u043d\u043d\u044b\u0435 \u043a\u043e\u0442\u043b\u044b \u0441 \u043c\u043e\u0434\u0438\u0444\u0438\u043a\u0430\u0446\u0438\u0435\u0439 \u0434\u043b\u044f \u043f\u0435\u043b\u043b\u0435\u0442\u043d\u043e\u0439 \u0433\u043e\u0440\u0435\u043b\u043a\u0438","item":"https:\/\/www.atmos.eu\/ru\/produkt\/gazifikatsionnyye-kotly-s-modifikatsiyey-dlya-pelletnoy-gorelki\/"},{"@type":"ListItem","position":3,"name":"C32ST \u0441 \u043c\u043e\u0434\u0438\u0444\u0438\u043a\u0430\u0446\u0438\u0435\u0439"}]},{"@type":"WebSite","@id":"https:\/\/www.atmos.eu\/ru\/#website","url":"https:\/\/www.atmos.eu\/ru\/","name":"ATMOS","description":"ATMOS","potentialAction":[{"@type":"SearchAction","target":{"@type":"EntryPoint","urlTemplate":"https:\/\/www.atmos.eu\/ru\/?s={search_term_string}"},"query-input":{"@type":"PropertyValueSpecification","valueRequired":true,"valueName":"search_term_string"}}],"inLanguage":"ru-RU"}]}},"_links":{"self":[{"href":"https:\/\/www.atmos.eu\/ru\/wp-json\/wp\/v2\/product\/30380"}],"collection":[{"href":"https:\/\/www.atmos.eu\/ru\/wp-json\/wp\/v2\/product"}],"about":[{"href":"https:\/\/www.atmos.eu\/ru\/wp-json\/wp\/v2\/types\/product"}],"up":[{"embeddable":true,"href":"https:\/\/www.atmos.eu\/ru\/wp-json\/wp\/v2\/product\/30367"}],"wp:featuredmedia":[{"embeddable":true,"href":"https:\/\/www.atmos.eu\/ru\/wp-json\/wp\/v2\/media\/30379"}],"wp:attachment":[{"href":"https:\/\/www.atmos.eu\/ru\/wp-json\/wp\/v2\/media?parent=30380"}],"curies":[{"name":"wp","href":"https:\/\/api.w.org\/{rel}","templated":true}]}}