{"id":30308,"date":"2021-06-28T10:34:40","date_gmt":"2021-06-28T08:34:40","guid":{"rendered":"https:\/\/www.atmos.eu\/produkt\/zplynovaci-kotle-na-drevo-drevoplyn\/dc18s\/"},"modified":"2024-10-31T15:01:58","modified_gmt":"2024-10-31T14:01:58","slug":"dc18s","status":"publish","type":"product","link":"https:\/\/www.atmos.eu\/ru\/produkt\/%d0%b3%d0%b0%d0%b7%d0%b8%d1%84%d0%b8%d0%ba%d0%b0%d1%86%d0%b8%d0%be%d0%bd%d0%bd%d1%8b%d0%b5-%d0%ba%d0%be%d1%82%d0%bb%d1%8b-%d0%bd%d0%b0-%d0%b4%d1%80%d0%be%d0%b2%d0%b0%d1%85-drevoplyn\/dc18s\/","title":{"rendered":"DC18S"},"content":{"rendered":"","protected":false},"featured_media":30309,"parent":30261,"menu_order":0,"template":"","class_list":["post-30308","product","type-product","status-publish","has-post-thumbnail","hentry","product-parameters-20-30-ru","product-parameters-330-mm-ru","product-parameters-5-20-ru","product-parameters-592","product-parameters-597","product-parameters---atmos-acd-04"],"yoast_head":"<!-- This site is optimized with the Yoast SEO plugin v25.6 - https:\/\/yoast.com\/wordpress\/plugins\/seo\/ -->\n<title>DC18S - ATMOS<\/title>\n<meta name=\"robots\" content=\"index, follow, max-snippet:-1, max-image-preview:large, max-video-preview:-1\" \/>\n<link rel=\"canonical\" href=\"https:\/\/www.atmos.eu\/ru\/produkt\/%d0%b3%d0%b0%d0%b7%d0%b8%d1%84%d0%b8%d0%ba%d0%b0%d1%86%d0%b8%d0%be%d0%bd%d0%bd%d1%8b%d0%b5-%d0%ba%d0%be%d1%82%d0%bb%d1%8b-%d0%bd%d0%b0-%d0%b4%d1%80%d0%be%d0%b2%d0%b0%d1%85-drevoplyn\/dc18s\/\" \/>\n<meta property=\"og:locale\" content=\"ru_RU\" \/>\n<meta property=\"og:type\" content=\"article\" \/>\n<meta property=\"og:title\" content=\"DC18S - ATMOS\" \/>\n<meta property=\"og:description\" content=\"Nejmen\u0161\u00ed kotel z \u0159ady D\u0159evoplyn je vybaven keramickou tryskou v horn\u00ed komo\u0159e. Spodn\u00ed komora, vybavena kulovou keramickou tvarovkou, je ur\u010dena pro snadn\u00e9 vyb\u00edr\u00e1n\u00ed popela.\" \/>\n<meta property=\"og:url\" content=\"https:\/\/www.atmos.eu\/ru\/produkt\/%d0%b3%d0%b0%d0%b7%d0%b8%d1%84%d0%b8%d0%ba%d0%b0%d1%86%d0%b8%d0%be%d0%bd%d0%bd%d1%8b%d0%b5-%d0%ba%d0%be%d1%82%d0%bb%d1%8b-%d0%bd%d0%b0-%d0%b4%d1%80%d0%be%d0%b2%d0%b0%d1%85-drevoplyn\/dc18s\/\" \/>\n<meta property=\"og:site_name\" content=\"ATMOS\" \/>\n<meta property=\"article:modified_time\" content=\"2024-10-31T14:01:58+00:00\" \/>\n<meta property=\"og:image\" content=\"https:\/\/www.atmos.eu\/wp-content\/uploads\/2021\/06\/DC18S-72.png\" \/>\n\t<meta property=\"og:image:width\" content=\"232\" \/>\n\t<meta property=\"og:image:height\" content=\"248\" \/>\n\t<meta property=\"og:image:type\" content=\"image\/png\" \/>\n<meta name=\"twitter:card\" content=\"summary_large_image\" \/>\n<meta name=\"twitter:label1\" content=\"\u041f\u0440\u0438\u043c\u0435\u0440\u043d\u043e\u0435 \u0432\u0440\u0435\u043c\u044f \u0434\u043b\u044f \u0447\u0442\u0435\u043d\u0438\u044f\" \/>\n\t<meta name=\"twitter:data1\" content=\"1 \u043c\u0438\u043d\u0443\u0442\u0430\" \/>\n<!-- \/ Yoast SEO plugin. -->","yoast_head_json":{"title":"DC18S - ATMOS","robots":{"index":"index","follow":"follow","max-snippet":"max-snippet:-1","max-image-preview":"max-image-preview:large","max-video-preview":"max-video-preview:-1"},"canonical":"https:\/\/www.atmos.eu\/ru\/produkt\/%d0%b3%d0%b0%d0%b7%d0%b8%d1%84%d0%b8%d0%ba%d0%b0%d1%86%d0%b8%d0%be%d0%bd%d0%bd%d1%8b%d0%b5-%d0%ba%d0%be%d1%82%d0%bb%d1%8b-%d0%bd%d0%b0-%d0%b4%d1%80%d0%be%d0%b2%d0%b0%d1%85-drevoplyn\/dc18s\/","og_locale":"ru_RU","og_type":"article","og_title":"DC18S - ATMOS","og_description":"Nejmen\u0161\u00ed kotel z \u0159ady D\u0159evoplyn je vybaven keramickou tryskou v horn\u00ed komo\u0159e. Spodn\u00ed komora, vybavena kulovou keramickou tvarovkou, je ur\u010dena pro snadn\u00e9 vyb\u00edr\u00e1n\u00ed popela.","og_url":"https:\/\/www.atmos.eu\/ru\/produkt\/%d0%b3%d0%b0%d0%b7%d0%b8%d1%84%d0%b8%d0%ba%d0%b0%d1%86%d0%b8%d0%be%d0%bd%d0%bd%d1%8b%d0%b5-%d0%ba%d0%be%d1%82%d0%bb%d1%8b-%d0%bd%d0%b0-%d0%b4%d1%80%d0%be%d0%b2%d0%b0%d1%85-drevoplyn\/dc18s\/","og_site_name":"ATMOS","article_modified_time":"2024-10-31T14:01:58+00:00","og_image":[{"width":232,"height":248,"url":"https:\/\/www.atmos.eu\/wp-content\/uploads\/2021\/06\/DC18S-72.png","type":"image\/png"}],"twitter_card":"summary_large_image","twitter_misc":{"\u041f\u0440\u0438\u043c\u0435\u0440\u043d\u043e\u0435 \u0432\u0440\u0435\u043c\u044f \u0434\u043b\u044f \u0447\u0442\u0435\u043d\u0438\u044f":"1 \u043c\u0438\u043d\u0443\u0442\u0430"},"schema":{"@context":"https:\/\/schema.org","@graph":[{"@type":"WebPage","@id":"https:\/\/www.atmos.eu\/ru\/produkt\/%d0%b3%d0%b0%d0%b7%d0%b8%d1%84%d0%b8%d0%ba%d0%b0%d1%86%d0%b8%d0%be%d0%bd%d0%bd%d1%8b%d0%b5-%d0%ba%d0%be%d1%82%d0%bb%d1%8b-%d0%bd%d0%b0-%d0%b4%d1%80%d0%be%d0%b2%d0%b0%d1%85-drevoplyn\/dc18s\/","url":"https:\/\/www.atmos.eu\/ru\/produkt\/%d0%b3%d0%b0%d0%b7%d0%b8%d1%84%d0%b8%d0%ba%d0%b0%d1%86%d0%b8%d0%be%d0%bd%d0%bd%d1%8b%d0%b5-%d0%ba%d0%be%d1%82%d0%bb%d1%8b-%d0%bd%d0%b0-%d0%b4%d1%80%d0%be%d0%b2%d0%b0%d1%85-drevoplyn\/dc18s\/","name":"DC18S - ATMOS","isPartOf":{"@id":"https:\/\/www.atmos.eu\/ru\/#website"},"primaryImageOfPage":{"@id":"https:\/\/www.atmos.eu\/ru\/produkt\/%d0%b3%d0%b0%d0%b7%d0%b8%d1%84%d0%b8%d0%ba%d0%b0%d1%86%d0%b8%d0%be%d0%bd%d0%bd%d1%8b%d0%b5-%d0%ba%d0%be%d1%82%d0%bb%d1%8b-%d0%bd%d0%b0-%d0%b4%d1%80%d0%be%d0%b2%d0%b0%d1%85-drevoplyn\/dc18s\/#primaryimage"},"image":{"@id":"https:\/\/www.atmos.eu\/ru\/produkt\/%d0%b3%d0%b0%d0%b7%d0%b8%d1%84%d0%b8%d0%ba%d0%b0%d1%86%d0%b8%d0%be%d0%bd%d0%bd%d1%8b%d0%b5-%d0%ba%d0%be%d1%82%d0%bb%d1%8b-%d0%bd%d0%b0-%d0%b4%d1%80%d0%be%d0%b2%d0%b0%d1%85-drevoplyn\/dc18s\/#primaryimage"},"thumbnailUrl":"https:\/\/www.atmos.eu\/wp-content\/uploads\/2021\/06\/DC18S-72.png","datePublished":"2021-06-28T08:34:40+00:00","dateModified":"2024-10-31T14:01:58+00:00","breadcrumb":{"@id":"https:\/\/www.atmos.eu\/ru\/produkt\/%d0%b3%d0%b0%d0%b7%d0%b8%d1%84%d0%b8%d0%ba%d0%b0%d1%86%d0%b8%d0%be%d0%bd%d0%bd%d1%8b%d0%b5-%d0%ba%d0%be%d1%82%d0%bb%d1%8b-%d0%bd%d0%b0-%d0%b4%d1%80%d0%be%d0%b2%d0%b0%d1%85-drevoplyn\/dc18s\/#breadcrumb"},"inLanguage":"ru-RU","potentialAction":[{"@type":"ReadAction","target":["https:\/\/www.atmos.eu\/ru\/produkt\/%d0%b3%d0%b0%d0%b7%d0%b8%d1%84%d0%b8%d0%ba%d0%b0%d1%86%d0%b8%d0%be%d0%bd%d0%bd%d1%8b%d0%b5-%d0%ba%d0%be%d1%82%d0%bb%d1%8b-%d0%bd%d0%b0-%d0%b4%d1%80%d0%be%d0%b2%d0%b0%d1%85-drevoplyn\/dc18s\/"]}]},{"@type":"ImageObject","inLanguage":"ru-RU","@id":"https:\/\/www.atmos.eu\/ru\/produkt\/%d0%b3%d0%b0%d0%b7%d0%b8%d1%84%d0%b8%d0%ba%d0%b0%d1%86%d0%b8%d0%be%d0%bd%d0%bd%d1%8b%d0%b5-%d0%ba%d0%be%d1%82%d0%bb%d1%8b-%d0%bd%d0%b0-%d0%b4%d1%80%d0%be%d0%b2%d0%b0%d1%85-drevoplyn\/dc18s\/#primaryimage","url":"https:\/\/www.atmos.eu\/wp-content\/uploads\/2021\/06\/DC18S-72.png","contentUrl":"https:\/\/www.atmos.eu\/wp-content\/uploads\/2021\/06\/DC18S-72.png","width":232,"height":248},{"@type":"BreadcrumbList","@id":"https:\/\/www.atmos.eu\/ru\/produkt\/%d0%b3%d0%b0%d0%b7%d0%b8%d1%84%d0%b8%d0%ba%d0%b0%d1%86%d0%b8%d0%be%d0%bd%d0%bd%d1%8b%d0%b5-%d0%ba%d0%be%d1%82%d0%bb%d1%8b-%d0%bd%d0%b0-%d0%b4%d1%80%d0%be%d0%b2%d0%b0%d1%85-drevoplyn\/dc18s\/#breadcrumb","itemListElement":[{"@type":"ListItem","position":1,"name":"Home","item":"https:\/\/www.atmos.eu\/ru\/"},{"@type":"ListItem","position":2,"name":"\u0413\u0430\u0437\u0438\u0444\u0438\u043a\u0430\u0446\u0438\u043e\u043d\u043d\u044b\u0435 \u043a\u043e\u0442\u043b\u044b \u043d\u0430 \u0434\u0440\u043e\u0432\u0430\u0445 &#8211; D\u0159evoplyn","item":"https:\/\/www.atmos.eu\/ru\/produkt\/%d0%b3%d0%b0%d0%b7%d0%b8%d1%84%d0%b8%d0%ba%d0%b0%d1%86%d0%b8%d0%be%d0%bd%d0%bd%d1%8b%d0%b5-%d0%ba%d0%be%d1%82%d0%bb%d1%8b-%d0%bd%d0%b0-%d0%b4%d1%80%d0%be%d0%b2%d0%b0%d1%85-drevoplyn\/"},{"@type":"ListItem","position":3,"name":"DC18S"}]},{"@type":"WebSite","@id":"https:\/\/www.atmos.eu\/ru\/#website","url":"https:\/\/www.atmos.eu\/ru\/","name":"ATMOS","description":"ATMOS","potentialAction":[{"@type":"SearchAction","target":{"@type":"EntryPoint","urlTemplate":"https:\/\/www.atmos.eu\/ru\/?s={search_term_string}"},"query-input":{"@type":"PropertyValueSpecification","valueRequired":true,"valueName":"search_term_string"}}],"inLanguage":"ru-RU"}]}},"_links":{"self":[{"href":"https:\/\/www.atmos.eu\/ru\/wp-json\/wp\/v2\/product\/30308","targetHints":{"allow":["GET"]}}],"collection":[{"href":"https:\/\/www.atmos.eu\/ru\/wp-json\/wp\/v2\/product"}],"about":[{"href":"https:\/\/www.atmos.eu\/ru\/wp-json\/wp\/v2\/types\/product"}],"up":[{"embeddable":true,"href":"https:\/\/www.atmos.eu\/ru\/wp-json\/wp\/v2\/product\/30261"}],"wp:featuredmedia":[{"embeddable":true,"href":"https:\/\/www.atmos.eu\/ru\/wp-json\/wp\/v2\/media\/30309"}],"wp:attachment":[{"href":"https:\/\/www.atmos.eu\/ru\/wp-json\/wp\/v2\/media?parent=30308"}],"curies":[{"name":"wp","href":"https:\/\/api.w.org\/{rel}","templated":true}]}}