{"id":30300,"date":"2021-06-29T11:33:25","date_gmt":"2021-06-29T09:33:25","guid":{"rendered":"https:\/\/www.atmos.eu\/produkt\/automaticke-kotle-na-pelety\/d85p\/"},"modified":"2024-11-01T08:56:21","modified_gmt":"2024-11-01T07:56:21","slug":"d85p","status":"publish","type":"product","link":"https:\/\/www.atmos.eu\/ru\/produkt\/avtomaticheskiye-pelletnyye-kotly\/d85p\/","title":{"rendered":"D85P"},"content":{"rendered":"","protected":false},"featured_media":30301,"parent":30287,"menu_order":10,"template":"","class_list":["post-30300","product","type-product","status-publish","has-post-thumbnail","hentry","product-parameters-50-100-ru","product-parameters-588","product-parameters-592","product-parameters-589"],"yoast_head":"<!-- This site is optimized with the Yoast SEO plugin v25.6 - https:\/\/yoast.com\/wordpress\/plugins\/seo\/ -->\n<title>D85P - ATMOS<\/title>\n<meta name=\"robots\" content=\"index, follow, max-snippet:-1, max-image-preview:large, max-video-preview:-1\" \/>\n<link rel=\"canonical\" href=\"https:\/\/www.atmos.eu\/ru\/produkt\/avtomaticheskiye-pelletnyye-kotly\/d85p\/\" \/>\n<meta property=\"og:locale\" content=\"ru_RU\" \/>\n<meta property=\"og:type\" content=\"article\" \/>\n<meta property=\"og:title\" content=\"D85P - ATMOS\" \/>\n<meta property=\"og:description\" content=\"Nov\u00fd kotel D85P je v z\u00e1kladu kompletn\u011b vybaven v\u0161\u00edm pot\u0159ebn\u00fdm. Automatick\u00fdm vyb\u00edr\u00e1n\u00edm popela ze spalovac\u00ed komory a zadn\u00edho v\u00fdm\u011bn\u00edku, p\u0159\u00eddavn\u00fdm popeln\u00edkem o objemu 160 l a pneumatick\u00fdm \u010di\u0161t\u011bn\u00edm zadn\u00edho trubkov\u00e9ho v\u00fdm\u011bn\u00edku.\" \/>\n<meta property=\"og:url\" content=\"https:\/\/www.atmos.eu\/ru\/produkt\/avtomaticheskiye-pelletnyye-kotly\/d85p\/\" \/>\n<meta property=\"og:site_name\" content=\"ATMOS\" \/>\n<meta property=\"article:modified_time\" content=\"2024-11-01T07:56:21+00:00\" \/>\n<meta property=\"og:image\" content=\"https:\/\/www.atmos.eu\/wp-content\/uploads\/2021\/06\/D85P-s-kompresorem72.png\" \/>\n\t<meta property=\"og:image:width\" content=\"232\" \/>\n\t<meta property=\"og:image:height\" content=\"248\" \/>\n\t<meta property=\"og:image:type\" content=\"image\/png\" \/>\n<meta name=\"twitter:card\" content=\"summary_large_image\" \/>\n<meta name=\"twitter:label1\" content=\"\u041f\u0440\u0438\u043c\u0435\u0440\u043d\u043e\u0435 \u0432\u0440\u0435\u043c\u044f \u0434\u043b\u044f \u0447\u0442\u0435\u043d\u0438\u044f\" \/>\n\t<meta name=\"twitter:data1\" content=\"1 \u043c\u0438\u043d\u0443\u0442\u0430\" \/>\n<!-- \/ Yoast SEO plugin. -->","yoast_head_json":{"title":"D85P - ATMOS","robots":{"index":"index","follow":"follow","max-snippet":"max-snippet:-1","max-image-preview":"max-image-preview:large","max-video-preview":"max-video-preview:-1"},"canonical":"https:\/\/www.atmos.eu\/ru\/produkt\/avtomaticheskiye-pelletnyye-kotly\/d85p\/","og_locale":"ru_RU","og_type":"article","og_title":"D85P - ATMOS","og_description":"Nov\u00fd kotel D85P je v z\u00e1kladu kompletn\u011b vybaven v\u0161\u00edm pot\u0159ebn\u00fdm. Automatick\u00fdm vyb\u00edr\u00e1n\u00edm popela ze spalovac\u00ed komory a zadn\u00edho v\u00fdm\u011bn\u00edku, p\u0159\u00eddavn\u00fdm popeln\u00edkem o objemu 160 l a pneumatick\u00fdm \u010di\u0161t\u011bn\u00edm zadn\u00edho trubkov\u00e9ho v\u00fdm\u011bn\u00edku.","og_url":"https:\/\/www.atmos.eu\/ru\/produkt\/avtomaticheskiye-pelletnyye-kotly\/d85p\/","og_site_name":"ATMOS","article_modified_time":"2024-11-01T07:56:21+00:00","og_image":[{"width":232,"height":248,"url":"https:\/\/www.atmos.eu\/wp-content\/uploads\/2021\/06\/D85P-s-kompresorem72.png","type":"image\/png"}],"twitter_card":"summary_large_image","twitter_misc":{"\u041f\u0440\u0438\u043c\u0435\u0440\u043d\u043e\u0435 \u0432\u0440\u0435\u043c\u044f \u0434\u043b\u044f \u0447\u0442\u0435\u043d\u0438\u044f":"1 \u043c\u0438\u043d\u0443\u0442\u0430"},"schema":{"@context":"https:\/\/schema.org","@graph":[{"@type":"WebPage","@id":"https:\/\/www.atmos.eu\/ru\/produkt\/avtomaticheskiye-pelletnyye-kotly\/d85p\/","url":"https:\/\/www.atmos.eu\/ru\/produkt\/avtomaticheskiye-pelletnyye-kotly\/d85p\/","name":"D85P - ATMOS","isPartOf":{"@id":"https:\/\/www.atmos.eu\/ru\/#website"},"primaryImageOfPage":{"@id":"https:\/\/www.atmos.eu\/ru\/produkt\/avtomaticheskiye-pelletnyye-kotly\/d85p\/#primaryimage"},"image":{"@id":"https:\/\/www.atmos.eu\/ru\/produkt\/avtomaticheskiye-pelletnyye-kotly\/d85p\/#primaryimage"},"thumbnailUrl":"https:\/\/www.atmos.eu\/wp-content\/uploads\/2021\/06\/D85P-s-kompresorem72.png","datePublished":"2021-06-29T09:33:25+00:00","dateModified":"2024-11-01T07:56:21+00:00","breadcrumb":{"@id":"https:\/\/www.atmos.eu\/ru\/produkt\/avtomaticheskiye-pelletnyye-kotly\/d85p\/#breadcrumb"},"inLanguage":"ru-RU","potentialAction":[{"@type":"ReadAction","target":["https:\/\/www.atmos.eu\/ru\/produkt\/avtomaticheskiye-pelletnyye-kotly\/d85p\/"]}]},{"@type":"ImageObject","inLanguage":"ru-RU","@id":"https:\/\/www.atmos.eu\/ru\/produkt\/avtomaticheskiye-pelletnyye-kotly\/d85p\/#primaryimage","url":"https:\/\/www.atmos.eu\/wp-content\/uploads\/2021\/06\/D85P-s-kompresorem72.png","contentUrl":"https:\/\/www.atmos.eu\/wp-content\/uploads\/2021\/06\/D85P-s-kompresorem72.png","width":232,"height":248},{"@type":"BreadcrumbList","@id":"https:\/\/www.atmos.eu\/ru\/produkt\/avtomaticheskiye-pelletnyye-kotly\/d85p\/#breadcrumb","itemListElement":[{"@type":"ListItem","position":1,"name":"Home","item":"https:\/\/www.atmos.eu\/ru\/"},{"@type":"ListItem","position":2,"name":"\u0410\u0432\u0442\u043e\u043c\u0430\u0442\u0438\u0447\u0435\u0441\u043a\u0438\u0435 \u043f\u0435\u043b\u043b\u0435\u0442\u043d\u044b\u0435 \u043a\u043e\u0442\u043b\u044b","item":"https:\/\/www.atmos.eu\/ru\/produkt\/avtomaticheskiye-pelletnyye-kotly\/"},{"@type":"ListItem","position":3,"name":"D85P"}]},{"@type":"WebSite","@id":"https:\/\/www.atmos.eu\/ru\/#website","url":"https:\/\/www.atmos.eu\/ru\/","name":"ATMOS","description":"ATMOS","potentialAction":[{"@type":"SearchAction","target":{"@type":"EntryPoint","urlTemplate":"https:\/\/www.atmos.eu\/ru\/?s={search_term_string}"},"query-input":{"@type":"PropertyValueSpecification","valueRequired":true,"valueName":"search_term_string"}}],"inLanguage":"ru-RU"}]}},"_links":{"self":[{"href":"https:\/\/www.atmos.eu\/ru\/wp-json\/wp\/v2\/product\/30300","targetHints":{"allow":["GET"]}}],"collection":[{"href":"https:\/\/www.atmos.eu\/ru\/wp-json\/wp\/v2\/product"}],"about":[{"href":"https:\/\/www.atmos.eu\/ru\/wp-json\/wp\/v2\/types\/product"}],"up":[{"embeddable":true,"href":"https:\/\/www.atmos.eu\/ru\/wp-json\/wp\/v2\/product\/30287"}],"wp:featuredmedia":[{"embeddable":true,"href":"https:\/\/www.atmos.eu\/ru\/wp-json\/wp\/v2\/media\/30301"}],"wp:attachment":[{"href":"https:\/\/www.atmos.eu\/ru\/wp-json\/wp\/v2\/media?parent=30300"}],"curies":[{"name":"wp","href":"https:\/\/api.w.org\/{rel}","templated":true}]}}