{"id":15315,"date":"2021-06-28T10:34:40","date_gmt":"2021-06-28T08:34:40","guid":{"rendered":"https:\/\/www.atmos.eu\/produkt\/zplynovaci-kotle-na-drevo-drevoplyn\/dc18s\/"},"modified":"2022-06-28T14:39:28","modified_gmt":"2022-06-28T12:39:28","slug":"dc18s","status":"publish","type":"product","link":"https:\/\/www.atmos.eu\/ro\/produs\/cazane-de-gazeificare-pe-lemne-drevoplyn\/dc18s\/","title":{"rendered":"DC18S"},"content":{"rendered":"","protected":false},"featured_media":15316,"parent":15180,"menu_order":0,"template":"","class_list":["post-15315","product","type-product","status-publish","has-post-thumbnail","hentry","product-parameters-20-30","product-parameters-330-mm","product-parameters-5-20","product-parameters-cu-control-acd-04","product-parameters-lemn","product-parameters-ventilator-de-evacuare"],"yoast_head":"<!-- This site is optimized with the Yoast SEO plugin v25.6 - https:\/\/yoast.com\/wordpress\/plugins\/seo\/ -->\n<title>DC18S - ATMOS<\/title>\n<meta name=\"robots\" content=\"index, follow, max-snippet:-1, max-image-preview:large, max-video-preview:-1\" \/>\n<link rel=\"canonical\" href=\"https:\/\/www.atmos.eu\/ro\/produs\/cazane-de-gazeificare-pe-lemne-drevoplyn\/dc18s\/\" \/>\n<meta property=\"og:locale\" content=\"ro_RO\" \/>\n<meta property=\"og:type\" content=\"article\" \/>\n<meta property=\"og:title\" content=\"DC18S - ATMOS\" \/>\n<meta property=\"og:description\" content=\"Cel mai mic cazan din seria D\u0159evoplyn este echipat cu o duz\u0103 ceramic\u0103 \u00een camera superioar\u0103. Camera inferioar\u0103, echipat\u0103 cu un fiting ceramic sferic, este proiectat\u0103 pentru \u00eendep\u0103rtarea u\u0219oar\u0103 a cenu\u0219ii.\" \/>\n<meta property=\"og:url\" content=\"https:\/\/www.atmos.eu\/ro\/produs\/cazane-de-gazeificare-pe-lemne-drevoplyn\/dc18s\/\" \/>\n<meta property=\"og:site_name\" content=\"ATMOS\" \/>\n<meta property=\"article:modified_time\" content=\"2022-06-28T12:39:28+00:00\" \/>\n<meta property=\"og:image\" content=\"https:\/\/www.atmos.eu\/wp-content\/uploads\/2021\/06\/DC18S-72.png\" \/>\n\t<meta property=\"og:image:width\" content=\"232\" \/>\n\t<meta property=\"og:image:height\" content=\"248\" \/>\n\t<meta property=\"og:image:type\" content=\"image\/png\" \/>\n<meta name=\"twitter:card\" content=\"summary_large_image\" \/>\n<!-- \/ Yoast SEO plugin. -->","yoast_head_json":{"title":"DC18S - ATMOS","robots":{"index":"index","follow":"follow","max-snippet":"max-snippet:-1","max-image-preview":"max-image-preview:large","max-video-preview":"max-video-preview:-1"},"canonical":"https:\/\/www.atmos.eu\/ro\/produs\/cazane-de-gazeificare-pe-lemne-drevoplyn\/dc18s\/","og_locale":"ro_RO","og_type":"article","og_title":"DC18S - ATMOS","og_description":"Cel mai mic cazan din seria D\u0159evoplyn este echipat cu o duz\u0103 ceramic\u0103 \u00een camera superioar\u0103. Camera inferioar\u0103, echipat\u0103 cu un fiting ceramic sferic, este proiectat\u0103 pentru \u00eendep\u0103rtarea u\u0219oar\u0103 a cenu\u0219ii.","og_url":"https:\/\/www.atmos.eu\/ro\/produs\/cazane-de-gazeificare-pe-lemne-drevoplyn\/dc18s\/","og_site_name":"ATMOS","article_modified_time":"2022-06-28T12:39:28+00:00","og_image":[{"width":232,"height":248,"url":"https:\/\/www.atmos.eu\/wp-content\/uploads\/2021\/06\/DC18S-72.png","type":"image\/png"}],"twitter_card":"summary_large_image","schema":{"@context":"https:\/\/schema.org","@graph":[{"@type":"WebPage","@id":"https:\/\/www.atmos.eu\/ro\/produs\/cazane-de-gazeificare-pe-lemne-drevoplyn\/dc18s\/","url":"https:\/\/www.atmos.eu\/ro\/produs\/cazane-de-gazeificare-pe-lemne-drevoplyn\/dc18s\/","name":"DC18S - ATMOS","isPartOf":{"@id":"https:\/\/www.atmos.eu\/ro\/#website"},"primaryImageOfPage":{"@id":"https:\/\/www.atmos.eu\/ro\/produs\/cazane-de-gazeificare-pe-lemne-drevoplyn\/dc18s\/#primaryimage"},"image":{"@id":"https:\/\/www.atmos.eu\/ro\/produs\/cazane-de-gazeificare-pe-lemne-drevoplyn\/dc18s\/#primaryimage"},"thumbnailUrl":"https:\/\/www.atmos.eu\/wp-content\/uploads\/2021\/06\/DC18S-72.png","datePublished":"2021-06-28T08:34:40+00:00","dateModified":"2022-06-28T12:39:28+00:00","breadcrumb":{"@id":"https:\/\/www.atmos.eu\/ro\/produs\/cazane-de-gazeificare-pe-lemne-drevoplyn\/dc18s\/#breadcrumb"},"inLanguage":"ro-RO","potentialAction":[{"@type":"ReadAction","target":["https:\/\/www.atmos.eu\/ro\/produs\/cazane-de-gazeificare-pe-lemne-drevoplyn\/dc18s\/"]}]},{"@type":"ImageObject","inLanguage":"ro-RO","@id":"https:\/\/www.atmos.eu\/ro\/produs\/cazane-de-gazeificare-pe-lemne-drevoplyn\/dc18s\/#primaryimage","url":"https:\/\/www.atmos.eu\/wp-content\/uploads\/2021\/06\/DC18S-72.png","contentUrl":"https:\/\/www.atmos.eu\/wp-content\/uploads\/2021\/06\/DC18S-72.png","width":232,"height":248},{"@type":"BreadcrumbList","@id":"https:\/\/www.atmos.eu\/ro\/produs\/cazane-de-gazeificare-pe-lemne-drevoplyn\/dc18s\/#breadcrumb","itemListElement":[{"@type":"ListItem","position":1,"name":"Home","item":"https:\/\/www.atmos.eu\/ro\/"},{"@type":"ListItem","position":2,"name":"Cazane de gazeificare pe lemne &#8211; Drevoplyn","item":"https:\/\/www.atmos.eu\/ro\/produs\/cazane-de-gazeificare-pe-lemne-drevoplyn\/"},{"@type":"ListItem","position":3,"name":"DC18S"}]},{"@type":"WebSite","@id":"https:\/\/www.atmos.eu\/ro\/#website","url":"https:\/\/www.atmos.eu\/ro\/","name":"ATMOS","description":"ATMOS","potentialAction":[{"@type":"SearchAction","target":{"@type":"EntryPoint","urlTemplate":"https:\/\/www.atmos.eu\/ro\/?s={search_term_string}"},"query-input":{"@type":"PropertyValueSpecification","valueRequired":true,"valueName":"search_term_string"}}],"inLanguage":"ro-RO"}]}},"_links":{"self":[{"href":"https:\/\/www.atmos.eu\/ro\/wp-json\/wp\/v2\/product\/15315","targetHints":{"allow":["GET"]}}],"collection":[{"href":"https:\/\/www.atmos.eu\/ro\/wp-json\/wp\/v2\/product"}],"about":[{"href":"https:\/\/www.atmos.eu\/ro\/wp-json\/wp\/v2\/types\/product"}],"up":[{"embeddable":true,"href":"https:\/\/www.atmos.eu\/ro\/wp-json\/wp\/v2\/product\/15180"}],"wp:featuredmedia":[{"embeddable":true,"href":"https:\/\/www.atmos.eu\/ro\/wp-json\/wp\/v2\/media\/15316"}],"wp:attachment":[{"href":"https:\/\/www.atmos.eu\/ro\/wp-json\/wp\/v2\/media?parent=15315"}],"curies":[{"name":"wp","href":"https:\/\/api.w.org\/{rel}","templated":true}]}}