{"id":15292,"date":"2021-06-29T11:33:25","date_gmt":"2021-06-29T09:33:25","guid":{"rendered":"https:\/\/www.atmos.eu\/produkt\/automaticke-kotle-na-pelety\/d85p\/"},"modified":"2022-06-29T14:20:13","modified_gmt":"2022-06-29T12:20:13","slug":"d85p","status":"publish","type":"product","link":"https:\/\/www.atmos.eu\/ro\/produs\/cazane-automate-pe-peleti\/d85p\/","title":{"rendered":"D85P"},"content":{"rendered":"","protected":false},"featured_media":15294,"parent":15167,"menu_order":10,"template":"","class_list":["post-15292","product","type-product","status-publish","has-post-thumbnail","hentry","product-parameters-50-100","product-parameters-aprindere-automata","product-parameters-pelete","product-parameters-ventilator-de-evacuare"],"yoast_head":"<!-- This site is optimized with the Yoast SEO plugin v25.6 - https:\/\/yoast.com\/wordpress\/plugins\/seo\/ -->\n<title>D85P - ATMOS<\/title>\n<meta name=\"robots\" content=\"index, follow, max-snippet:-1, max-image-preview:large, max-video-preview:-1\" \/>\n<link rel=\"canonical\" href=\"https:\/\/www.atmos.eu\/ro\/produs\/cazane-automate-pe-peleti\/d85p\/\" \/>\n<meta property=\"og:locale\" content=\"ro_RO\" \/>\n<meta property=\"og:type\" content=\"article\" \/>\n<meta property=\"og:title\" content=\"D85P - ATMOS\" \/>\n<meta property=\"og:description\" content=\"Noul cazan D85P este practic complet echipat cu tot ce ai nevoie. Scoaterea automat\u0103 a cenu\u0219ii din camera de ardere \u0219i din schimb\u0103torul de c\u0103ldur\u0103 din spate, scrumier\u0103 suplimentar\u0103 cu un volum de 160 l \u0219i cur\u0103\u021barea pneumatic\u0103 a schimb\u0103torului de c\u0103ldur\u0103 din tubul din spate.\" \/>\n<meta property=\"og:url\" content=\"https:\/\/www.atmos.eu\/ro\/produs\/cazane-automate-pe-peleti\/d85p\/\" \/>\n<meta property=\"og:site_name\" content=\"ATMOS\" \/>\n<meta property=\"article:modified_time\" content=\"2022-06-29T12:20:13+00:00\" \/>\n<meta property=\"og:image\" content=\"https:\/\/www.atmos.eu\/wp-content\/uploads\/2021\/06\/D85P-s-kompresorem72.png\" \/>\n\t<meta property=\"og:image:width\" content=\"232\" \/>\n\t<meta property=\"og:image:height\" content=\"248\" \/>\n\t<meta property=\"og:image:type\" content=\"image\/png\" \/>\n<meta name=\"twitter:card\" content=\"summary_large_image\" \/>\n<!-- \/ Yoast SEO plugin. -->","yoast_head_json":{"title":"D85P - ATMOS","robots":{"index":"index","follow":"follow","max-snippet":"max-snippet:-1","max-image-preview":"max-image-preview:large","max-video-preview":"max-video-preview:-1"},"canonical":"https:\/\/www.atmos.eu\/ro\/produs\/cazane-automate-pe-peleti\/d85p\/","og_locale":"ro_RO","og_type":"article","og_title":"D85P - ATMOS","og_description":"Noul cazan D85P este practic complet echipat cu tot ce ai nevoie. Scoaterea automat\u0103 a cenu\u0219ii din camera de ardere \u0219i din schimb\u0103torul de c\u0103ldur\u0103 din spate, scrumier\u0103 suplimentar\u0103 cu un volum de 160 l \u0219i cur\u0103\u021barea pneumatic\u0103 a schimb\u0103torului de c\u0103ldur\u0103 din tubul din spate.","og_url":"https:\/\/www.atmos.eu\/ro\/produs\/cazane-automate-pe-peleti\/d85p\/","og_site_name":"ATMOS","article_modified_time":"2022-06-29T12:20:13+00:00","og_image":[{"width":232,"height":248,"url":"https:\/\/www.atmos.eu\/wp-content\/uploads\/2021\/06\/D85P-s-kompresorem72.png","type":"image\/png"}],"twitter_card":"summary_large_image","schema":{"@context":"https:\/\/schema.org","@graph":[{"@type":"WebPage","@id":"https:\/\/www.atmos.eu\/ro\/produs\/cazane-automate-pe-peleti\/d85p\/","url":"https:\/\/www.atmos.eu\/ro\/produs\/cazane-automate-pe-peleti\/d85p\/","name":"D85P - ATMOS","isPartOf":{"@id":"https:\/\/www.atmos.eu\/ro\/#website"},"primaryImageOfPage":{"@id":"https:\/\/www.atmos.eu\/ro\/produs\/cazane-automate-pe-peleti\/d85p\/#primaryimage"},"image":{"@id":"https:\/\/www.atmos.eu\/ro\/produs\/cazane-automate-pe-peleti\/d85p\/#primaryimage"},"thumbnailUrl":"https:\/\/www.atmos.eu\/wp-content\/uploads\/2021\/06\/D85P-s-kompresorem72.png","datePublished":"2021-06-29T09:33:25+00:00","dateModified":"2022-06-29T12:20:13+00:00","breadcrumb":{"@id":"https:\/\/www.atmos.eu\/ro\/produs\/cazane-automate-pe-peleti\/d85p\/#breadcrumb"},"inLanguage":"ro-RO","potentialAction":[{"@type":"ReadAction","target":["https:\/\/www.atmos.eu\/ro\/produs\/cazane-automate-pe-peleti\/d85p\/"]}]},{"@type":"ImageObject","inLanguage":"ro-RO","@id":"https:\/\/www.atmos.eu\/ro\/produs\/cazane-automate-pe-peleti\/d85p\/#primaryimage","url":"https:\/\/www.atmos.eu\/wp-content\/uploads\/2021\/06\/D85P-s-kompresorem72.png","contentUrl":"https:\/\/www.atmos.eu\/wp-content\/uploads\/2021\/06\/D85P-s-kompresorem72.png","width":232,"height":248},{"@type":"BreadcrumbList","@id":"https:\/\/www.atmos.eu\/ro\/produs\/cazane-automate-pe-peleti\/d85p\/#breadcrumb","itemListElement":[{"@type":"ListItem","position":1,"name":"Home","item":"https:\/\/www.atmos.eu\/ro\/"},{"@type":"ListItem","position":2,"name":"Cazane automate pe pele\u0163i","item":"https:\/\/www.atmos.eu\/ro\/produs\/cazane-automate-pe-peleti\/"},{"@type":"ListItem","position":3,"name":"D85P"}]},{"@type":"WebSite","@id":"https:\/\/www.atmos.eu\/ro\/#website","url":"https:\/\/www.atmos.eu\/ro\/","name":"ATMOS","description":"ATMOS","potentialAction":[{"@type":"SearchAction","target":{"@type":"EntryPoint","urlTemplate":"https:\/\/www.atmos.eu\/ro\/?s={search_term_string}"},"query-input":{"@type":"PropertyValueSpecification","valueRequired":true,"valueName":"search_term_string"}}],"inLanguage":"ro-RO"}]}},"_links":{"self":[{"href":"https:\/\/www.atmos.eu\/ro\/wp-json\/wp\/v2\/product\/15292","targetHints":{"allow":["GET"]}}],"collection":[{"href":"https:\/\/www.atmos.eu\/ro\/wp-json\/wp\/v2\/product"}],"about":[{"href":"https:\/\/www.atmos.eu\/ro\/wp-json\/wp\/v2\/types\/product"}],"up":[{"embeddable":true,"href":"https:\/\/www.atmos.eu\/ro\/wp-json\/wp\/v2\/product\/15167"}],"wp:featuredmedia":[{"embeddable":true,"href":"https:\/\/www.atmos.eu\/ro\/wp-json\/wp\/v2\/media\/15294"}],"wp:attachment":[{"href":"https:\/\/www.atmos.eu\/ro\/wp-json\/wp\/v2\/media?parent=15292"}],"curies":[{"name":"wp","href":"https:\/\/api.w.org\/{rel}","templated":true}]}}