{"id":14088,"date":"2021-07-01T09:12:18","date_gmt":"2021-07-01T07:12:18","guid":{"rendered":"https:\/\/www.atmos.eu\/produkt\/c32st-s-upravou\/"},"modified":"2022-05-23T08:23:33","modified_gmt":"2022-05-23T06:23:33","slug":"c32st-z-palnikiem-na-pellet","status":"publish","type":"product","link":"https:\/\/www.atmos.eu\/pl\/produkt\/kotly-gazyfikujace-z-modyfikacja-do-palnika-na-pelet\/c32st-z-palnikiem-na-pellet\/","title":{"rendered":"C32ST z palnikiem na pellet"},"content":{"rendered":"","protected":false},"featured_media":14087,"parent":14238,"menu_order":9,"template":"","class_list":["post-14088","product","type-product","status-publish","has-post-thumbnail","hentry","product-parameters-30-40-pl","product-parameters-430-mm-pl","product-parameters-automatyczny-zaplon","product-parameters-pellet","product-parameters-wentylator-wyciagowy"],"yoast_head":"<!-- This site is optimized with the Yoast SEO plugin v25.6 - https:\/\/yoast.com\/wordpress\/plugins\/seo\/ -->\n<title>C32ST z palnikiem na pellet - ATMOS<\/title>\n<meta name=\"robots\" content=\"index, follow, max-snippet:-1, max-image-preview:large, max-video-preview:-1\" \/>\n<link rel=\"canonical\" href=\"https:\/\/www.atmos.eu\/pl\/produkt\/kotly-gazyfikujace-z-modyfikacja-do-palnika-na-pelet\/c32st-z-palnikiem-na-pellet\/\" \/>\n<meta property=\"og:locale\" content=\"pl_PL\" \/>\n<meta property=\"og:type\" content=\"article\" \/>\n<meta property=\"og:title\" content=\"C32ST z palnikiem na pellet - ATMOS\" \/>\n<meta property=\"og:description\" content=\"Automatyczny kocio\u0142 na pelety (Kocio\u0142 zgazowuj\u0105cy pierwotnie na drewno z modyfikacj\u0105 na palnik pelletowy w g\u00f3rnych drzwiach)\" \/>\n<meta property=\"og:url\" content=\"https:\/\/www.atmos.eu\/pl\/produkt\/kotly-gazyfikujace-z-modyfikacja-do-palnika-na-pelet\/c32st-z-palnikiem-na-pellet\/\" \/>\n<meta property=\"og:site_name\" content=\"ATMOS\" \/>\n<meta property=\"article:modified_time\" content=\"2022-05-23T06:23:33+00:00\" \/>\n<meta property=\"og:image\" content=\"https:\/\/www.atmos.eu\/wp-content\/uploads\/2021\/07\/C-25ST-s-horakem-72.png\" \/>\n\t<meta property=\"og:image:width\" content=\"232\" \/>\n\t<meta property=\"og:image:height\" content=\"248\" \/>\n\t<meta property=\"og:image:type\" content=\"image\/png\" \/>\n<meta name=\"twitter:card\" content=\"summary_large_image\" \/>\n<!-- \/ Yoast SEO plugin. -->","yoast_head_json":{"title":"C32ST z palnikiem na pellet - ATMOS","robots":{"index":"index","follow":"follow","max-snippet":"max-snippet:-1","max-image-preview":"max-image-preview:large","max-video-preview":"max-video-preview:-1"},"canonical":"https:\/\/www.atmos.eu\/pl\/produkt\/kotly-gazyfikujace-z-modyfikacja-do-palnika-na-pelet\/c32st-z-palnikiem-na-pellet\/","og_locale":"pl_PL","og_type":"article","og_title":"C32ST z palnikiem na pellet - ATMOS","og_description":"Automatyczny kocio\u0142 na pelety (Kocio\u0142 zgazowuj\u0105cy pierwotnie na drewno z modyfikacj\u0105 na palnik pelletowy w g\u00f3rnych drzwiach)","og_url":"https:\/\/www.atmos.eu\/pl\/produkt\/kotly-gazyfikujace-z-modyfikacja-do-palnika-na-pelet\/c32st-z-palnikiem-na-pellet\/","og_site_name":"ATMOS","article_modified_time":"2022-05-23T06:23:33+00:00","og_image":[{"width":232,"height":248,"url":"https:\/\/www.atmos.eu\/wp-content\/uploads\/2021\/07\/C-25ST-s-horakem-72.png","type":"image\/png"}],"twitter_card":"summary_large_image","schema":{"@context":"https:\/\/schema.org","@graph":[{"@type":"WebPage","@id":"https:\/\/www.atmos.eu\/pl\/produkt\/kotly-gazyfikujace-z-modyfikacja-do-palnika-na-pelet\/c32st-z-palnikiem-na-pellet\/","url":"https:\/\/www.atmos.eu\/pl\/produkt\/kotly-gazyfikujace-z-modyfikacja-do-palnika-na-pelet\/c32st-z-palnikiem-na-pellet\/","name":"C32ST z palnikiem na pellet - ATMOS","isPartOf":{"@id":"https:\/\/www.atmos.eu\/pl\/#website"},"primaryImageOfPage":{"@id":"https:\/\/www.atmos.eu\/pl\/produkt\/kotly-gazyfikujace-z-modyfikacja-do-palnika-na-pelet\/c32st-z-palnikiem-na-pellet\/#primaryimage"},"image":{"@id":"https:\/\/www.atmos.eu\/pl\/produkt\/kotly-gazyfikujace-z-modyfikacja-do-palnika-na-pelet\/c32st-z-palnikiem-na-pellet\/#primaryimage"},"thumbnailUrl":"https:\/\/www.atmos.eu\/wp-content\/uploads\/2021\/07\/C-25ST-s-horakem-72.png","datePublished":"2021-07-01T07:12:18+00:00","dateModified":"2022-05-23T06:23:33+00:00","breadcrumb":{"@id":"https:\/\/www.atmos.eu\/pl\/produkt\/kotly-gazyfikujace-z-modyfikacja-do-palnika-na-pelet\/c32st-z-palnikiem-na-pellet\/#breadcrumb"},"inLanguage":"pl-PL","potentialAction":[{"@type":"ReadAction","target":["https:\/\/www.atmos.eu\/pl\/produkt\/kotly-gazyfikujace-z-modyfikacja-do-palnika-na-pelet\/c32st-z-palnikiem-na-pellet\/"]}]},{"@type":"ImageObject","inLanguage":"pl-PL","@id":"https:\/\/www.atmos.eu\/pl\/produkt\/kotly-gazyfikujace-z-modyfikacja-do-palnika-na-pelet\/c32st-z-palnikiem-na-pellet\/#primaryimage","url":"https:\/\/www.atmos.eu\/wp-content\/uploads\/2021\/07\/C-25ST-s-horakem-72.png","contentUrl":"https:\/\/www.atmos.eu\/wp-content\/uploads\/2021\/07\/C-25ST-s-horakem-72.png","width":232,"height":248,"caption":"C 25ST s ho\u0159\u00e1kem ATMOS"},{"@type":"BreadcrumbList","@id":"https:\/\/www.atmos.eu\/pl\/produkt\/kotly-gazyfikujace-z-modyfikacja-do-palnika-na-pelet\/c32st-z-palnikiem-na-pellet\/#breadcrumb","itemListElement":[{"@type":"ListItem","position":1,"name":"Home","item":"https:\/\/www.atmos.eu\/pl\/"},{"@type":"ListItem","position":2,"name":"Kot\u0142y gazyfikuj\u0105ce z modyfikacj\u0105 do palnika na pelet","item":"https:\/\/www.atmos.eu\/pl\/produkt\/kotly-gazyfikujace-z-modyfikacja-do-palnika-na-pelet\/"},{"@type":"ListItem","position":3,"name":"C32ST z palnikiem na pellet"}]},{"@type":"WebSite","@id":"https:\/\/www.atmos.eu\/pl\/#website","url":"https:\/\/www.atmos.eu\/pl\/","name":"ATMOS","description":"ATMOS","potentialAction":[{"@type":"SearchAction","target":{"@type":"EntryPoint","urlTemplate":"https:\/\/www.atmos.eu\/pl\/?s={search_term_string}"},"query-input":{"@type":"PropertyValueSpecification","valueRequired":true,"valueName":"search_term_string"}}],"inLanguage":"pl-PL"}]}},"_links":{"self":[{"href":"https:\/\/www.atmos.eu\/pl\/wp-json\/wp\/v2\/product\/14088"}],"collection":[{"href":"https:\/\/www.atmos.eu\/pl\/wp-json\/wp\/v2\/product"}],"about":[{"href":"https:\/\/www.atmos.eu\/pl\/wp-json\/wp\/v2\/types\/product"}],"up":[{"embeddable":true,"href":"https:\/\/www.atmos.eu\/pl\/wp-json\/wp\/v2\/product\/14238"}],"wp:featuredmedia":[{"embeddable":true,"href":"https:\/\/www.atmos.eu\/pl\/wp-json\/wp\/v2\/media\/14087"}],"wp:attachment":[{"href":"https:\/\/www.atmos.eu\/pl\/wp-json\/wp\/v2\/media?parent=14088"}],"curies":[{"name":"wp","href":"https:\/\/api.w.org\/{rel}","templated":true}]}}