{"id":14038,"date":"2021-06-29T08:17:48","date_gmt":"2021-06-29T06:17:48","guid":{"rendered":"https:\/\/www.atmos.eu\/produkt\/zplynovaci-kotle-na-uhli-drevo\/c15s\/"},"modified":"2022-05-20T11:00:30","modified_gmt":"2022-05-20T09:00:30","slug":"c15s","status":"publish","type":"product","link":"https:\/\/www.atmos.eu\/pl\/produkt\/kotly-zgazowujace-wegiel-brunatny-drewno\/c15s\/","title":{"rendered":"C15S"},"content":{"rendered":"","protected":false},"featured_media":14040,"parent":13980,"menu_order":1,"template":"","class_list":["post-14038","product","type-product","status-publish","has-post-thumbnail","hentry","product-parameters-250-mm-pl","product-parameters-5-20-pl","product-parameters-drewno","product-parameters-wegiel-brunatny","product-parameters-wentylator-wyciagowy"],"yoast_head":"<!-- This site is optimized with the Yoast SEO plugin v25.6 - https:\/\/yoast.com\/wordpress\/plugins\/seo\/ -->\n<title>C15S - ATMOS<\/title>\n<meta name=\"robots\" content=\"index, follow, max-snippet:-1, max-image-preview:large, max-video-preview:-1\" \/>\n<link rel=\"canonical\" href=\"https:\/\/www.atmos.eu\/pl\/produkt\/kotly-zgazowujace-wegiel-brunatny-drewno\/c15s\/\" \/>\n<meta property=\"og:locale\" content=\"pl_PL\" \/>\n<meta property=\"og:type\" content=\"article\" \/>\n<meta property=\"og:title\" content=\"C15S - ATMOS\" \/>\n<meta property=\"og:description\" content=\"Kocio\u0142 zgazowuj\u0105cy w\u0119giel brunatny \/ drewno (nagrzewania)\" \/>\n<meta property=\"og:url\" content=\"https:\/\/www.atmos.eu\/pl\/produkt\/kotly-zgazowujace-wegiel-brunatny-drewno\/c15s\/\" \/>\n<meta property=\"og:site_name\" content=\"ATMOS\" \/>\n<meta property=\"article:modified_time\" content=\"2022-05-20T09:00:30+00:00\" \/>\n<meta property=\"og:image\" content=\"https:\/\/www.atmos.eu\/wp-content\/uploads\/2021\/06\/C-18S-ikona-ke-kotli.png\" \/>\n\t<meta property=\"og:image:width\" content=\"232\" \/>\n\t<meta property=\"og:image:height\" content=\"248\" \/>\n\t<meta property=\"og:image:type\" content=\"image\/png\" \/>\n<meta name=\"twitter:card\" content=\"summary_large_image\" \/>\n<!-- \/ Yoast SEO plugin. -->","yoast_head_json":{"title":"C15S - ATMOS","robots":{"index":"index","follow":"follow","max-snippet":"max-snippet:-1","max-image-preview":"max-image-preview:large","max-video-preview":"max-video-preview:-1"},"canonical":"https:\/\/www.atmos.eu\/pl\/produkt\/kotly-zgazowujace-wegiel-brunatny-drewno\/c15s\/","og_locale":"pl_PL","og_type":"article","og_title":"C15S - ATMOS","og_description":"Kocio\u0142 zgazowuj\u0105cy w\u0119giel brunatny \/ drewno (nagrzewania)","og_url":"https:\/\/www.atmos.eu\/pl\/produkt\/kotly-zgazowujace-wegiel-brunatny-drewno\/c15s\/","og_site_name":"ATMOS","article_modified_time":"2022-05-20T09:00:30+00:00","og_image":[{"width":232,"height":248,"url":"https:\/\/www.atmos.eu\/wp-content\/uploads\/2021\/06\/C-18S-ikona-ke-kotli.png","type":"image\/png"}],"twitter_card":"summary_large_image","schema":{"@context":"https:\/\/schema.org","@graph":[{"@type":"WebPage","@id":"https:\/\/www.atmos.eu\/pl\/produkt\/kotly-zgazowujace-wegiel-brunatny-drewno\/c15s\/","url":"https:\/\/www.atmos.eu\/pl\/produkt\/kotly-zgazowujace-wegiel-brunatny-drewno\/c15s\/","name":"C15S - ATMOS","isPartOf":{"@id":"https:\/\/www.atmos.eu\/pl\/#website"},"primaryImageOfPage":{"@id":"https:\/\/www.atmos.eu\/pl\/produkt\/kotly-zgazowujace-wegiel-brunatny-drewno\/c15s\/#primaryimage"},"image":{"@id":"https:\/\/www.atmos.eu\/pl\/produkt\/kotly-zgazowujace-wegiel-brunatny-drewno\/c15s\/#primaryimage"},"thumbnailUrl":"https:\/\/www.atmos.eu\/wp-content\/uploads\/2021\/06\/C-18S-ikona-ke-kotli.png","datePublished":"2021-06-29T06:17:48+00:00","dateModified":"2022-05-20T09:00:30+00:00","breadcrumb":{"@id":"https:\/\/www.atmos.eu\/pl\/produkt\/kotly-zgazowujace-wegiel-brunatny-drewno\/c15s\/#breadcrumb"},"inLanguage":"pl-PL","potentialAction":[{"@type":"ReadAction","target":["https:\/\/www.atmos.eu\/pl\/produkt\/kotly-zgazowujace-wegiel-brunatny-drewno\/c15s\/"]}]},{"@type":"ImageObject","inLanguage":"pl-PL","@id":"https:\/\/www.atmos.eu\/pl\/produkt\/kotly-zgazowujace-wegiel-brunatny-drewno\/c15s\/#primaryimage","url":"https:\/\/www.atmos.eu\/wp-content\/uploads\/2021\/06\/C-18S-ikona-ke-kotli.png","contentUrl":"https:\/\/www.atmos.eu\/wp-content\/uploads\/2021\/06\/C-18S-ikona-ke-kotli.png","width":232,"height":248},{"@type":"BreadcrumbList","@id":"https:\/\/www.atmos.eu\/pl\/produkt\/kotly-zgazowujace-wegiel-brunatny-drewno\/c15s\/#breadcrumb","itemListElement":[{"@type":"ListItem","position":1,"name":"Home","item":"https:\/\/www.atmos.eu\/pl\/"},{"@type":"ListItem","position":2,"name":"Kot\u0142y zgazowuj\u0105ce w\u0119giel brunatny (drewno)","item":"https:\/\/www.atmos.eu\/pl\/produkt\/kotly-zgazowujace-wegiel-brunatny-drewno\/"},{"@type":"ListItem","position":3,"name":"C15S"}]},{"@type":"WebSite","@id":"https:\/\/www.atmos.eu\/pl\/#website","url":"https:\/\/www.atmos.eu\/pl\/","name":"ATMOS","description":"ATMOS","potentialAction":[{"@type":"SearchAction","target":{"@type":"EntryPoint","urlTemplate":"https:\/\/www.atmos.eu\/pl\/?s={search_term_string}"},"query-input":{"@type":"PropertyValueSpecification","valueRequired":true,"valueName":"search_term_string"}}],"inLanguage":"pl-PL"}]}},"_links":{"self":[{"href":"https:\/\/www.atmos.eu\/pl\/wp-json\/wp\/v2\/product\/14038","targetHints":{"allow":["GET"]}}],"collection":[{"href":"https:\/\/www.atmos.eu\/pl\/wp-json\/wp\/v2\/product"}],"about":[{"href":"https:\/\/www.atmos.eu\/pl\/wp-json\/wp\/v2\/types\/product"}],"up":[{"embeddable":true,"href":"https:\/\/www.atmos.eu\/pl\/wp-json\/wp\/v2\/product\/13980"}],"wp:featuredmedia":[{"embeddable":true,"href":"https:\/\/www.atmos.eu\/pl\/wp-json\/wp\/v2\/media\/14040"}],"wp:attachment":[{"href":"https:\/\/www.atmos.eu\/pl\/wp-json\/wp\/v2\/media?parent=14038"}],"curies":[{"name":"wp","href":"https:\/\/api.w.org\/{rel}","templated":true}]}}