{"id":15289,"date":"2021-06-29T11:33:25","date_gmt":"2021-06-29T09:33:25","guid":{"rendered":"https:\/\/www.atmos.eu\/produkt\/automaticke-kotle-na-pelety\/d85p\/"},"modified":"2022-09-09T14:08:45","modified_gmt":"2022-09-09T12:08:45","slug":"d85p","status":"publish","type":"product","link":"https:\/\/www.atmos.eu\/it\/Prodotto\/caldaie-automatiche-a-pellet\/d85p\/","title":{"rendered":"D85P"},"content":{"rendered":"","protected":false},"featured_media":15291,"parent":15166,"menu_order":10,"template":"","class_list":["post-15289","product","type-product","status-publish","has-post-thumbnail","hentry","product-parameters-50-100-it","product-parameters-accensione-automatica","product-parameters-pellet","product-parameters-ventilatore-di-tiraggio"],"yoast_head":"<!-- This site is optimized with the Yoast SEO plugin v25.6 - https:\/\/yoast.com\/wordpress\/plugins\/seo\/ -->\n<title>D85P - ATMOS<\/title>\n<meta name=\"robots\" content=\"index, follow, max-snippet:-1, max-image-preview:large, max-video-preview:-1\" \/>\n<link rel=\"canonical\" href=\"https:\/\/www.atmos.eu\/it\/Prodotto\/caldaie-automatiche-a-pellet\/d85p\/\" \/>\n<meta property=\"og:locale\" content=\"it_IT\" \/>\n<meta property=\"og:type\" content=\"article\" \/>\n<meta property=\"og:title\" content=\"D85P - ATMOS\" \/>\n<meta property=\"og:description\" content=\"Nov\u00fd kotel D85P je v z\u00e1kladu kompletn\u011b vybaven v\u0161\u00edm pot\u0159ebn\u00fdm. Automatick\u00fdm vyb\u00edr\u00e1n\u00edm popela ze spalovac\u00ed komory a zadn\u00edho v\u00fdm\u011bn\u00edku, p\u0159\u00eddavn\u00fdm popeln\u00edkem o objemu 160 l a pneumatick\u00fdm \u010di\u0161t\u011bn\u00edm zadn\u00edho trubkov\u00e9ho v\u00fdm\u011bn\u00edku.\" \/>\n<meta property=\"og:url\" content=\"https:\/\/www.atmos.eu\/it\/Prodotto\/caldaie-automatiche-a-pellet\/d85p\/\" \/>\n<meta property=\"og:site_name\" content=\"ATMOS\" \/>\n<meta property=\"article:modified_time\" content=\"2022-09-09T12:08:45+00:00\" \/>\n<meta property=\"og:image\" content=\"https:\/\/www.atmos.eu\/wp-content\/uploads\/2021\/06\/D85P-s-kompresorem72.png\" \/>\n\t<meta property=\"og:image:width\" content=\"232\" \/>\n\t<meta property=\"og:image:height\" content=\"248\" \/>\n\t<meta property=\"og:image:type\" content=\"image\/png\" \/>\n<meta name=\"twitter:card\" content=\"summary_large_image\" \/>\n<!-- \/ Yoast SEO plugin. -->","yoast_head_json":{"title":"D85P - ATMOS","robots":{"index":"index","follow":"follow","max-snippet":"max-snippet:-1","max-image-preview":"max-image-preview:large","max-video-preview":"max-video-preview:-1"},"canonical":"https:\/\/www.atmos.eu\/it\/Prodotto\/caldaie-automatiche-a-pellet\/d85p\/","og_locale":"it_IT","og_type":"article","og_title":"D85P - ATMOS","og_description":"Nov\u00fd kotel D85P je v z\u00e1kladu kompletn\u011b vybaven v\u0161\u00edm pot\u0159ebn\u00fdm. Automatick\u00fdm vyb\u00edr\u00e1n\u00edm popela ze spalovac\u00ed komory a zadn\u00edho v\u00fdm\u011bn\u00edku, p\u0159\u00eddavn\u00fdm popeln\u00edkem o objemu 160 l a pneumatick\u00fdm \u010di\u0161t\u011bn\u00edm zadn\u00edho trubkov\u00e9ho v\u00fdm\u011bn\u00edku.","og_url":"https:\/\/www.atmos.eu\/it\/Prodotto\/caldaie-automatiche-a-pellet\/d85p\/","og_site_name":"ATMOS","article_modified_time":"2022-09-09T12:08:45+00:00","og_image":[{"width":232,"height":248,"url":"https:\/\/www.atmos.eu\/wp-content\/uploads\/2021\/06\/D85P-s-kompresorem72.png","type":"image\/png"}],"twitter_card":"summary_large_image","schema":{"@context":"https:\/\/schema.org","@graph":[{"@type":"WebPage","@id":"https:\/\/www.atmos.eu\/it\/Prodotto\/caldaie-automatiche-a-pellet\/d85p\/","url":"https:\/\/www.atmos.eu\/it\/Prodotto\/caldaie-automatiche-a-pellet\/d85p\/","name":"D85P - ATMOS","isPartOf":{"@id":"https:\/\/www.atmos.eu\/it\/#website"},"primaryImageOfPage":{"@id":"https:\/\/www.atmos.eu\/it\/Prodotto\/caldaie-automatiche-a-pellet\/d85p\/#primaryimage"},"image":{"@id":"https:\/\/www.atmos.eu\/it\/Prodotto\/caldaie-automatiche-a-pellet\/d85p\/#primaryimage"},"thumbnailUrl":"https:\/\/www.atmos.eu\/wp-content\/uploads\/2021\/06\/D85P-s-kompresorem72.png","datePublished":"2021-06-29T09:33:25+00:00","dateModified":"2022-09-09T12:08:45+00:00","breadcrumb":{"@id":"https:\/\/www.atmos.eu\/it\/Prodotto\/caldaie-automatiche-a-pellet\/d85p\/#breadcrumb"},"inLanguage":"it-IT","potentialAction":[{"@type":"ReadAction","target":["https:\/\/www.atmos.eu\/it\/Prodotto\/caldaie-automatiche-a-pellet\/d85p\/"]}]},{"@type":"ImageObject","inLanguage":"it-IT","@id":"https:\/\/www.atmos.eu\/it\/Prodotto\/caldaie-automatiche-a-pellet\/d85p\/#primaryimage","url":"https:\/\/www.atmos.eu\/wp-content\/uploads\/2021\/06\/D85P-s-kompresorem72.png","contentUrl":"https:\/\/www.atmos.eu\/wp-content\/uploads\/2021\/06\/D85P-s-kompresorem72.png","width":232,"height":248},{"@type":"BreadcrumbList","@id":"https:\/\/www.atmos.eu\/it\/Prodotto\/caldaie-automatiche-a-pellet\/d85p\/#breadcrumb","itemListElement":[{"@type":"ListItem","position":1,"name":"Home","item":"https:\/\/www.atmos.eu\/it\/"},{"@type":"ListItem","position":2,"name":"Caldaie automatiche a pellet","item":"https:\/\/www.atmos.eu\/it\/Prodotto\/caldaie-automatiche-a-pellet\/"},{"@type":"ListItem","position":3,"name":"D85P"}]},{"@type":"WebSite","@id":"https:\/\/www.atmos.eu\/it\/#website","url":"https:\/\/www.atmos.eu\/it\/","name":"ATMOS","description":"ATMOS","potentialAction":[{"@type":"SearchAction","target":{"@type":"EntryPoint","urlTemplate":"https:\/\/www.atmos.eu\/it\/?s={search_term_string}"},"query-input":{"@type":"PropertyValueSpecification","valueRequired":true,"valueName":"search_term_string"}}],"inLanguage":"it-IT"}]}},"_links":{"self":[{"href":"https:\/\/www.atmos.eu\/it\/wp-json\/wp\/v2\/product\/15289","targetHints":{"allow":["GET"]}}],"collection":[{"href":"https:\/\/www.atmos.eu\/it\/wp-json\/wp\/v2\/product"}],"about":[{"href":"https:\/\/www.atmos.eu\/it\/wp-json\/wp\/v2\/types\/product"}],"up":[{"embeddable":true,"href":"https:\/\/www.atmos.eu\/it\/wp-json\/wp\/v2\/product\/15166"}],"wp:featuredmedia":[{"embeddable":true,"href":"https:\/\/www.atmos.eu\/it\/wp-json\/wp\/v2\/media\/15291"}],"wp:attachment":[{"href":"https:\/\/www.atmos.eu\/it\/wp-json\/wp\/v2\/media?parent=15289"}],"curies":[{"name":"wp","href":"https:\/\/api.w.org\/{rel}","templated":true}]}}