{"id":15262,"date":"2021-09-03T12:52:53","date_gmt":"2021-09-03T10:52:53","guid":{"rendered":"https:\/\/www.atmos.eu\/produkt\/automaticke-kotle-na-pelety\/d25p-compact\/"},"modified":"2022-09-09T14:08:54","modified_gmt":"2022-09-09T12:08:54","slug":"d25p-compact","status":"publish","type":"product","link":"https:\/\/www.atmos.eu\/it\/Prodotto\/caldaie-automatiche-a-pellet\/d25p-compact\/","title":{"rendered":"D25P Compact"},"content":{"rendered":"","protected":false},"featured_media":15263,"parent":15166,"menu_order":6,"template":"","class_list":["post-15262","product","type-product","status-publish","has-post-thumbnail","hentry","product-parameters-20-30-it","product-parameters-accensione-automatica","product-parameters-pellet","tag_products-novinka-it"],"yoast_head":"<!-- This site is optimized with the Yoast SEO plugin v25.6 - https:\/\/yoast.com\/wordpress\/plugins\/seo\/ -->\n<title>D25P Compact - ATMOS<\/title>\n<meta name=\"robots\" content=\"index, follow, max-snippet:-1, max-image-preview:large, max-video-preview:-1\" \/>\n<link rel=\"canonical\" href=\"https:\/\/www.atmos.eu\/it\/Prodotto\/caldaie-automatiche-a-pellet\/d25p-compact\/\" \/>\n<meta property=\"og:locale\" content=\"it_IT\" \/>\n<meta property=\"og:type\" content=\"article\" \/>\n<meta property=\"og:title\" content=\"D25P Compact - ATMOS\" \/>\n<meta property=\"og:description\" content=\"Automatick\u00fd kotel na pelety s nerezov\u00fdm zapojen\u00edm kotlov\u00e9ho okruhu.\" \/>\n<meta property=\"og:url\" content=\"https:\/\/www.atmos.eu\/it\/Prodotto\/caldaie-automatiche-a-pellet\/d25p-compact\/\" \/>\n<meta property=\"og:site_name\" content=\"ATMOS\" \/>\n<meta property=\"article:modified_time\" content=\"2022-09-09T12:08:54+00:00\" \/>\n<meta property=\"og:image\" content=\"https:\/\/www.atmos.eu\/wp-content\/uploads\/2021\/09\/D-21P-Compact-ikona-ke-kotli-2.png\" \/>\n\t<meta property=\"og:image:width\" content=\"232\" \/>\n\t<meta property=\"og:image:height\" content=\"248\" \/>\n\t<meta property=\"og:image:type\" content=\"image\/png\" \/>\n<meta name=\"twitter:card\" content=\"summary_large_image\" \/>\n<!-- \/ Yoast SEO plugin. -->","yoast_head_json":{"title":"D25P Compact - ATMOS","robots":{"index":"index","follow":"follow","max-snippet":"max-snippet:-1","max-image-preview":"max-image-preview:large","max-video-preview":"max-video-preview:-1"},"canonical":"https:\/\/www.atmos.eu\/it\/Prodotto\/caldaie-automatiche-a-pellet\/d25p-compact\/","og_locale":"it_IT","og_type":"article","og_title":"D25P Compact - ATMOS","og_description":"Automatick\u00fd kotel na pelety s nerezov\u00fdm zapojen\u00edm kotlov\u00e9ho okruhu.","og_url":"https:\/\/www.atmos.eu\/it\/Prodotto\/caldaie-automatiche-a-pellet\/d25p-compact\/","og_site_name":"ATMOS","article_modified_time":"2022-09-09T12:08:54+00:00","og_image":[{"width":232,"height":248,"url":"https:\/\/www.atmos.eu\/wp-content\/uploads\/2021\/09\/D-21P-Compact-ikona-ke-kotli-2.png","type":"image\/png"}],"twitter_card":"summary_large_image","schema":{"@context":"https:\/\/schema.org","@graph":[{"@type":"WebPage","@id":"https:\/\/www.atmos.eu\/it\/Prodotto\/caldaie-automatiche-a-pellet\/d25p-compact\/","url":"https:\/\/www.atmos.eu\/it\/Prodotto\/caldaie-automatiche-a-pellet\/d25p-compact\/","name":"D25P Compact - ATMOS","isPartOf":{"@id":"https:\/\/www.atmos.eu\/it\/#website"},"primaryImageOfPage":{"@id":"https:\/\/www.atmos.eu\/it\/Prodotto\/caldaie-automatiche-a-pellet\/d25p-compact\/#primaryimage"},"image":{"@id":"https:\/\/www.atmos.eu\/it\/Prodotto\/caldaie-automatiche-a-pellet\/d25p-compact\/#primaryimage"},"thumbnailUrl":"https:\/\/www.atmos.eu\/wp-content\/uploads\/2021\/09\/D-21P-Compact-ikona-ke-kotli-2.png","datePublished":"2021-09-03T10:52:53+00:00","dateModified":"2022-09-09T12:08:54+00:00","breadcrumb":{"@id":"https:\/\/www.atmos.eu\/it\/Prodotto\/caldaie-automatiche-a-pellet\/d25p-compact\/#breadcrumb"},"inLanguage":"it-IT","potentialAction":[{"@type":"ReadAction","target":["https:\/\/www.atmos.eu\/it\/Prodotto\/caldaie-automatiche-a-pellet\/d25p-compact\/"]}]},{"@type":"ImageObject","inLanguage":"it-IT","@id":"https:\/\/www.atmos.eu\/it\/Prodotto\/caldaie-automatiche-a-pellet\/d25p-compact\/#primaryimage","url":"https:\/\/www.atmos.eu\/wp-content\/uploads\/2021\/09\/D-21P-Compact-ikona-ke-kotli-2.png","contentUrl":"https:\/\/www.atmos.eu\/wp-content\/uploads\/2021\/09\/D-21P-Compact-ikona-ke-kotli-2.png","width":232,"height":248},{"@type":"BreadcrumbList","@id":"https:\/\/www.atmos.eu\/it\/Prodotto\/caldaie-automatiche-a-pellet\/d25p-compact\/#breadcrumb","itemListElement":[{"@type":"ListItem","position":1,"name":"Home","item":"https:\/\/www.atmos.eu\/it\/"},{"@type":"ListItem","position":2,"name":"Caldaie automatiche a pellet","item":"https:\/\/www.atmos.eu\/it\/Prodotto\/caldaie-automatiche-a-pellet\/"},{"@type":"ListItem","position":3,"name":"D25P Compact"}]},{"@type":"WebSite","@id":"https:\/\/www.atmos.eu\/it\/#website","url":"https:\/\/www.atmos.eu\/it\/","name":"ATMOS","description":"ATMOS","potentialAction":[{"@type":"SearchAction","target":{"@type":"EntryPoint","urlTemplate":"https:\/\/www.atmos.eu\/it\/?s={search_term_string}"},"query-input":{"@type":"PropertyValueSpecification","valueRequired":true,"valueName":"search_term_string"}}],"inLanguage":"it-IT"}]}},"_links":{"self":[{"href":"https:\/\/www.atmos.eu\/it\/wp-json\/wp\/v2\/product\/15262","targetHints":{"allow":["GET"]}}],"collection":[{"href":"https:\/\/www.atmos.eu\/it\/wp-json\/wp\/v2\/product"}],"about":[{"href":"https:\/\/www.atmos.eu\/it\/wp-json\/wp\/v2\/types\/product"}],"up":[{"embeddable":true,"href":"https:\/\/www.atmos.eu\/it\/wp-json\/wp\/v2\/product\/15166"}],"wp:featuredmedia":[{"embeddable":true,"href":"https:\/\/www.atmos.eu\/it\/wp-json\/wp\/v2\/media\/15263"}],"wp:attachment":[{"href":"https:\/\/www.atmos.eu\/it\/wp-json\/wp\/v2\/media?parent=15262"}],"curies":[{"name":"wp","href":"https:\/\/api.w.org\/{rel}","templated":true}]}}