{"id":19577,"date":"2021-06-30T14:57:46","date_gmt":"2021-06-30T12:57:46","guid":{"rendered":"https:\/\/www.atmos.eu\/produkt\/zplynovaci-kotle-s-upravou-pro-horak-na-pelety\/dc30sx-s-upravou\/"},"modified":"2022-08-16T08:15:20","modified_gmt":"2022-08-16T06:15:20","slug":"dc30sx-avec-modification","status":"publish","type":"product","link":"https:\/\/www.atmos.eu\/fr\/produit\/chaudiere-a-gazeification-avec-modification-pour-bruleur-a-pellets\/dc30sx-avec-modification\/","title":{"rendered":"DC30SX avec modification"},"content":{"rendered":"","protected":false},"featured_media":19574,"parent":19572,"menu_order":3,"template":"","class_list":["post-19577","product","type-product","status-publish","has-post-thumbnail","hentry","product-parameters-20-30-fr","product-parameters-30-40-fr","product-parameters-530-mm","product-parameters-allumage-automatique","product-parameters-bois","product-parameters-pellets","product-parameters-ventilateur-dextraction"],"yoast_head":"<!-- This site is optimized with the Yoast SEO plugin v25.6 - https:\/\/yoast.com\/wordpress\/plugins\/seo\/ -->\n<title>DC30SX avec modification - ATMOS<\/title>\n<meta name=\"robots\" content=\"index, follow, max-snippet:-1, max-image-preview:large, max-video-preview:-1\" \/>\n<link rel=\"canonical\" href=\"https:\/\/www.atmos.eu\/fr\/produit\/chaudiere-a-gazeification-avec-modification-pour-bruleur-a-pellets\/dc30sx-avec-modification\/\" \/>\n<meta property=\"og:locale\" content=\"fr_FR\" \/>\n<meta property=\"og:type\" content=\"article\" \/>\n<meta property=\"og:title\" content=\"DC30SX avec modification - ATMOS\" \/>\n<meta property=\"og:description\" content=\"Chaudi\u00e8re automatique \u00e0 pellets (Chaudi\u00e8re \u00e0 gaz\u00e9ification \u00e0 l&#039;origine sur bois avec modification pour un br\u00fbleur \u00e0 granul\u00e9s dans la porte du haut)\" \/>\n<meta property=\"og:url\" content=\"https:\/\/www.atmos.eu\/fr\/produit\/chaudiere-a-gazeification-avec-modification-pour-bruleur-a-pellets\/dc30sx-avec-modification\/\" \/>\n<meta property=\"og:site_name\" content=\"ATMOS\" \/>\n<meta property=\"article:modified_time\" content=\"2022-08-16T06:15:20+00:00\" \/>\n<meta property=\"og:image\" content=\"https:\/\/www.atmos.eu\/wp-content\/uploads\/2021\/06\/DC-18S-s-upravou-248.jpg\" \/>\n\t<meta property=\"og:image:width\" content=\"232\" \/>\n\t<meta property=\"og:image:height\" content=\"248\" \/>\n\t<meta property=\"og:image:type\" content=\"image\/jpeg\" \/>\n<meta name=\"twitter:card\" content=\"summary_large_image\" \/>\n<!-- \/ Yoast SEO plugin. -->","yoast_head_json":{"title":"DC30SX avec modification - ATMOS","robots":{"index":"index","follow":"follow","max-snippet":"max-snippet:-1","max-image-preview":"max-image-preview:large","max-video-preview":"max-video-preview:-1"},"canonical":"https:\/\/www.atmos.eu\/fr\/produit\/chaudiere-a-gazeification-avec-modification-pour-bruleur-a-pellets\/dc30sx-avec-modification\/","og_locale":"fr_FR","og_type":"article","og_title":"DC30SX avec modification - ATMOS","og_description":"Chaudi\u00e8re automatique \u00e0 pellets (Chaudi\u00e8re \u00e0 gaz\u00e9ification \u00e0 l'origine sur bois avec modification pour un br\u00fbleur \u00e0 granul\u00e9s dans la porte du haut)","og_url":"https:\/\/www.atmos.eu\/fr\/produit\/chaudiere-a-gazeification-avec-modification-pour-bruleur-a-pellets\/dc30sx-avec-modification\/","og_site_name":"ATMOS","article_modified_time":"2022-08-16T06:15:20+00:00","og_image":[{"width":232,"height":248,"url":"https:\/\/www.atmos.eu\/wp-content\/uploads\/2021\/06\/DC-18S-s-upravou-248.jpg","type":"image\/jpeg"}],"twitter_card":"summary_large_image","schema":{"@context":"https:\/\/schema.org","@graph":[{"@type":"WebPage","@id":"https:\/\/www.atmos.eu\/fr\/produit\/chaudiere-a-gazeification-avec-modification-pour-bruleur-a-pellets\/dc30sx-avec-modification\/","url":"https:\/\/www.atmos.eu\/fr\/produit\/chaudiere-a-gazeification-avec-modification-pour-bruleur-a-pellets\/dc30sx-avec-modification\/","name":"DC30SX avec modification - ATMOS","isPartOf":{"@id":"https:\/\/www.atmos.eu\/fr\/#website"},"primaryImageOfPage":{"@id":"https:\/\/www.atmos.eu\/fr\/produit\/chaudiere-a-gazeification-avec-modification-pour-bruleur-a-pellets\/dc30sx-avec-modification\/#primaryimage"},"image":{"@id":"https:\/\/www.atmos.eu\/fr\/produit\/chaudiere-a-gazeification-avec-modification-pour-bruleur-a-pellets\/dc30sx-avec-modification\/#primaryimage"},"thumbnailUrl":"https:\/\/www.atmos.eu\/wp-content\/uploads\/2021\/06\/DC-18S-s-upravou-248.jpg","datePublished":"2021-06-30T12:57:46+00:00","dateModified":"2022-08-16T06:15:20+00:00","breadcrumb":{"@id":"https:\/\/www.atmos.eu\/fr\/produit\/chaudiere-a-gazeification-avec-modification-pour-bruleur-a-pellets\/dc30sx-avec-modification\/#breadcrumb"},"inLanguage":"fr-FR","potentialAction":[{"@type":"ReadAction","target":["https:\/\/www.atmos.eu\/fr\/produit\/chaudiere-a-gazeification-avec-modification-pour-bruleur-a-pellets\/dc30sx-avec-modification\/"]}]},{"@type":"ImageObject","inLanguage":"fr-FR","@id":"https:\/\/www.atmos.eu\/fr\/produit\/chaudiere-a-gazeification-avec-modification-pour-bruleur-a-pellets\/dc30sx-avec-modification\/#primaryimage","url":"https:\/\/www.atmos.eu\/wp-content\/uploads\/2021\/06\/DC-18S-s-upravou-248.jpg","contentUrl":"https:\/\/www.atmos.eu\/wp-content\/uploads\/2021\/06\/DC-18S-s-upravou-248.jpg","width":232,"height":248},{"@type":"BreadcrumbList","@id":"https:\/\/www.atmos.eu\/fr\/produit\/chaudiere-a-gazeification-avec-modification-pour-bruleur-a-pellets\/dc30sx-avec-modification\/#breadcrumb","itemListElement":[{"@type":"ListItem","position":1,"name":"Home","item":"https:\/\/www.atmos.eu\/fr\/"},{"@type":"ListItem","position":2,"name":"Chaudi\u00e8re \u00e0 gaz\u00e9ification avec modification pour br\u00fbleur \u00e0 pellets","item":"https:\/\/www.atmos.eu\/fr\/produit\/chaudiere-a-gazeification-avec-modification-pour-bruleur-a-pellets\/"},{"@type":"ListItem","position":3,"name":"DC30SX avec modification"}]},{"@type":"WebSite","@id":"https:\/\/www.atmos.eu\/fr\/#website","url":"https:\/\/www.atmos.eu\/fr\/","name":"ATMOS","description":"ATMOS","potentialAction":[{"@type":"SearchAction","target":{"@type":"EntryPoint","urlTemplate":"https:\/\/www.atmos.eu\/fr\/?s={search_term_string}"},"query-input":{"@type":"PropertyValueSpecification","valueRequired":true,"valueName":"search_term_string"}}],"inLanguage":"fr-FR"}]}},"_links":{"self":[{"href":"https:\/\/www.atmos.eu\/fr\/wp-json\/wp\/v2\/product\/19577","targetHints":{"allow":["GET"]}}],"collection":[{"href":"https:\/\/www.atmos.eu\/fr\/wp-json\/wp\/v2\/product"}],"about":[{"href":"https:\/\/www.atmos.eu\/fr\/wp-json\/wp\/v2\/types\/product"}],"up":[{"embeddable":true,"href":"https:\/\/www.atmos.eu\/fr\/wp-json\/wp\/v2\/product\/19572"}],"wp:featuredmedia":[{"embeddable":true,"href":"https:\/\/www.atmos.eu\/fr\/wp-json\/wp\/v2\/media\/19574"}],"wp:attachment":[{"href":"https:\/\/www.atmos.eu\/fr\/wp-json\/wp\/v2\/media?parent=19577"}],"curies":[{"name":"wp","href":"https:\/\/api.w.org\/{rel}","templated":true}]}}