{"id":19571,"date":"2021-06-29T08:07:18","date_gmt":"2021-06-29T06:07:18","guid":{"rendered":"https:\/\/www.atmos.eu\/produkt\/zplynovaci-kotle-na-drevo-dokogen\/dc50gd\/"},"modified":"2022-08-15T13:17:16","modified_gmt":"2022-08-15T11:17:16","slug":"dc50gd","status":"publish","type":"product","link":"https:\/\/www.atmos.eu\/fr\/produit\/chaudieres-a-gazeification-de-bois-dokogen\/dc50gd\/","title":{"rendered":"DC50GD"},"content":{"rendered":"","protected":false},"featured_media":12785,"parent":19560,"menu_order":8,"template":"","class_list":["post-19571","product","type-product","status-publish","has-post-thumbnail","hentry","product-parameters-40-50-fr","product-parameters-530-mm","product-parameters-bois","product-parameters-ventilateur-dextraction"],"yoast_head":"<!-- This site is optimized with the Yoast SEO plugin v25.6 - https:\/\/yoast.com\/wordpress\/plugins\/seo\/ -->\n<title>DC50GD - ATMOS<\/title>\n<meta name=\"robots\" content=\"index, follow, max-snippet:-1, max-image-preview:large, max-video-preview:-1\" \/>\n<link rel=\"canonical\" href=\"https:\/\/www.atmos.eu\/fr\/produit\/chaudieres-a-gazeification-de-bois-dokogen\/dc50gd\/\" \/>\n<meta property=\"og:locale\" content=\"fr_FR\" \/>\n<meta property=\"og:type\" content=\"article\" \/>\n<meta property=\"og:title\" content=\"DC50GD - ATMOS\" \/>\n<meta property=\"og:description\" content=\"Chaudi\u00e8re \u00e0 gaz\u00e9ification du bois\" \/>\n<meta property=\"og:url\" content=\"https:\/\/www.atmos.eu\/fr\/produit\/chaudieres-a-gazeification-de-bois-dokogen\/dc50gd\/\" \/>\n<meta property=\"og:site_name\" content=\"ATMOS\" \/>\n<meta property=\"article:modified_time\" content=\"2022-08-15T11:17:16+00:00\" \/>\n<meta property=\"og:image\" content=\"https:\/\/www.atmos.eu\/wp-content\/uploads\/2021\/06\/DC-50GD-ikona-ke-kotli.png\" \/>\n\t<meta property=\"og:image:width\" content=\"232\" \/>\n\t<meta property=\"og:image:height\" content=\"248\" \/>\n\t<meta property=\"og:image:type\" content=\"image\/png\" \/>\n<meta name=\"twitter:card\" content=\"summary_large_image\" \/>\n<!-- \/ Yoast SEO plugin. -->","yoast_head_json":{"title":"DC50GD - ATMOS","robots":{"index":"index","follow":"follow","max-snippet":"max-snippet:-1","max-image-preview":"max-image-preview:large","max-video-preview":"max-video-preview:-1"},"canonical":"https:\/\/www.atmos.eu\/fr\/produit\/chaudieres-a-gazeification-de-bois-dokogen\/dc50gd\/","og_locale":"fr_FR","og_type":"article","og_title":"DC50GD - ATMOS","og_description":"Chaudi\u00e8re \u00e0 gaz\u00e9ification du bois","og_url":"https:\/\/www.atmos.eu\/fr\/produit\/chaudieres-a-gazeification-de-bois-dokogen\/dc50gd\/","og_site_name":"ATMOS","article_modified_time":"2022-08-15T11:17:16+00:00","og_image":[{"width":232,"height":248,"url":"https:\/\/www.atmos.eu\/wp-content\/uploads\/2021\/06\/DC-50GD-ikona-ke-kotli.png","type":"image\/png"}],"twitter_card":"summary_large_image","schema":{"@context":"https:\/\/schema.org","@graph":[{"@type":"WebPage","@id":"https:\/\/www.atmos.eu\/fr\/produit\/chaudieres-a-gazeification-de-bois-dokogen\/dc50gd\/","url":"https:\/\/www.atmos.eu\/fr\/produit\/chaudieres-a-gazeification-de-bois-dokogen\/dc50gd\/","name":"DC50GD - ATMOS","isPartOf":{"@id":"https:\/\/www.atmos.eu\/fr\/#website"},"primaryImageOfPage":{"@id":"https:\/\/www.atmos.eu\/fr\/produit\/chaudieres-a-gazeification-de-bois-dokogen\/dc50gd\/#primaryimage"},"image":{"@id":"https:\/\/www.atmos.eu\/fr\/produit\/chaudieres-a-gazeification-de-bois-dokogen\/dc50gd\/#primaryimage"},"thumbnailUrl":"https:\/\/www.atmos.eu\/wp-content\/uploads\/2021\/06\/DC-50GD-ikona-ke-kotli.png","datePublished":"2021-06-29T06:07:18+00:00","dateModified":"2022-08-15T11:17:16+00:00","breadcrumb":{"@id":"https:\/\/www.atmos.eu\/fr\/produit\/chaudieres-a-gazeification-de-bois-dokogen\/dc50gd\/#breadcrumb"},"inLanguage":"fr-FR","potentialAction":[{"@type":"ReadAction","target":["https:\/\/www.atmos.eu\/fr\/produit\/chaudieres-a-gazeification-de-bois-dokogen\/dc50gd\/"]}]},{"@type":"ImageObject","inLanguage":"fr-FR","@id":"https:\/\/www.atmos.eu\/fr\/produit\/chaudieres-a-gazeification-de-bois-dokogen\/dc50gd\/#primaryimage","url":"https:\/\/www.atmos.eu\/wp-content\/uploads\/2021\/06\/DC-50GD-ikona-ke-kotli.png","contentUrl":"https:\/\/www.atmos.eu\/wp-content\/uploads\/2021\/06\/DC-50GD-ikona-ke-kotli.png","width":232,"height":248},{"@type":"BreadcrumbList","@id":"https:\/\/www.atmos.eu\/fr\/produit\/chaudieres-a-gazeification-de-bois-dokogen\/dc50gd\/#breadcrumb","itemListElement":[{"@type":"ListItem","position":1,"name":"Home","item":"https:\/\/www.atmos.eu\/fr\/"},{"@type":"ListItem","position":2,"name":"Chaudieres a gazeification de bois &#8211; Dokogen","item":"https:\/\/www.atmos.eu\/fr\/produit\/chaudieres-a-gazeification-de-bois-dokogen\/"},{"@type":"ListItem","position":3,"name":"DC50GD"}]},{"@type":"WebSite","@id":"https:\/\/www.atmos.eu\/fr\/#website","url":"https:\/\/www.atmos.eu\/fr\/","name":"ATMOS","description":"ATMOS","potentialAction":[{"@type":"SearchAction","target":{"@type":"EntryPoint","urlTemplate":"https:\/\/www.atmos.eu\/fr\/?s={search_term_string}"},"query-input":{"@type":"PropertyValueSpecification","valueRequired":true,"valueName":"search_term_string"}}],"inLanguage":"fr-FR"}]}},"_links":{"self":[{"href":"https:\/\/www.atmos.eu\/fr\/wp-json\/wp\/v2\/product\/19571","targetHints":{"allow":["GET"]}}],"collection":[{"href":"https:\/\/www.atmos.eu\/fr\/wp-json\/wp\/v2\/product"}],"about":[{"href":"https:\/\/www.atmos.eu\/fr\/wp-json\/wp\/v2\/types\/product"}],"up":[{"embeddable":true,"href":"https:\/\/www.atmos.eu\/fr\/wp-json\/wp\/v2\/product\/19560"}],"wp:featuredmedia":[{"embeddable":true,"href":"https:\/\/www.atmos.eu\/fr\/wp-json\/wp\/v2\/media\/12785"}],"wp:attachment":[{"href":"https:\/\/www.atmos.eu\/fr\/wp-json\/wp\/v2\/media?parent=19571"}],"curies":[{"name":"wp","href":"https:\/\/api.w.org\/{rel}","templated":true}]}}