{"id":19567,"date":"2021-09-03T13:07:56","date_gmt":"2021-09-03T11:07:56","guid":{"rendered":"https:\/\/www.atmos.eu\/produkt\/zplynovaci-kotle-na-drevo-dokogen\/dc25gd-s-aut-zapalovanim\/"},"modified":"2024-06-14T09:06:36","modified_gmt":"2024-06-14T07:06:36","slug":"dc25gd-avec-allumage-automatique","status":"publish","type":"product","link":"https:\/\/www.atmos.eu\/fr\/produit\/chaudieres-a-gazeification-de-bois-dokogen\/dc25gd-avec-allumage-automatique\/","title":{"rendered":"DC25GD avec allumage automatique"},"content":{"rendered":"","protected":false},"featured_media":31242,"parent":19560,"menu_order":3,"template":"","class_list":["post-19567","product","type-product","status-publish","has-post-thumbnail","hentry","product-parameters-20-30-fr","product-parameters-530-mm","product-parameters-allumage-automatique","product-parameters-avec-regulation-acd-04","product-parameters-bois","product-parameters-ventilateur-dextraction"],"yoast_head":"<!-- This site is optimized with the Yoast SEO plugin v25.6 - https:\/\/yoast.com\/wordpress\/plugins\/seo\/ -->\n<title>DC25GD avec allumage automatique - ATMOS<\/title>\n<meta name=\"robots\" content=\"index, follow, max-snippet:-1, max-image-preview:large, max-video-preview:-1\" \/>\n<link rel=\"canonical\" href=\"https:\/\/www.atmos.eu\/fr\/produit\/chaudieres-a-gazeification-de-bois-dokogen\/dc25gd-avec-allumage-automatique\/\" \/>\n<meta property=\"og:locale\" content=\"fr_FR\" \/>\n<meta property=\"og:type\" content=\"article\" \/>\n<meta property=\"og:title\" content=\"DC25GD avec allumage automatique - ATMOS\" \/>\n<meta property=\"og:description\" content=\"Chaudi\u00e8re \u00e0 gaz\u00e9ification du bois avec allumage automatique du bois et r\u00e9gulation \u00e9quithermique ACD 04\" \/>\n<meta property=\"og:url\" content=\"https:\/\/www.atmos.eu\/fr\/produit\/chaudieres-a-gazeification-de-bois-dokogen\/dc25gd-avec-allumage-automatique\/\" \/>\n<meta property=\"og:site_name\" content=\"ATMOS\" \/>\n<meta property=\"article:modified_time\" content=\"2024-06-14T07:06:36+00:00\" \/>\n<meta property=\"og:image\" content=\"https:\/\/www.atmos.eu\/wp-content\/uploads\/2021\/09\/DC-18GD-se-zapalovanim-232x248-1.png\" \/>\n\t<meta property=\"og:image:width\" content=\"232\" \/>\n\t<meta property=\"og:image:height\" content=\"248\" \/>\n\t<meta property=\"og:image:type\" content=\"image\/png\" \/>\n<meta name=\"twitter:card\" content=\"summary_large_image\" \/>\n<!-- \/ Yoast SEO plugin. -->","yoast_head_json":{"title":"DC25GD avec allumage automatique - ATMOS","robots":{"index":"index","follow":"follow","max-snippet":"max-snippet:-1","max-image-preview":"max-image-preview:large","max-video-preview":"max-video-preview:-1"},"canonical":"https:\/\/www.atmos.eu\/fr\/produit\/chaudieres-a-gazeification-de-bois-dokogen\/dc25gd-avec-allumage-automatique\/","og_locale":"fr_FR","og_type":"article","og_title":"DC25GD avec allumage automatique - ATMOS","og_description":"Chaudi\u00e8re \u00e0 gaz\u00e9ification du bois avec allumage automatique du bois et r\u00e9gulation \u00e9quithermique ACD 04","og_url":"https:\/\/www.atmos.eu\/fr\/produit\/chaudieres-a-gazeification-de-bois-dokogen\/dc25gd-avec-allumage-automatique\/","og_site_name":"ATMOS","article_modified_time":"2024-06-14T07:06:36+00:00","og_image":[{"width":232,"height":248,"url":"https:\/\/www.atmos.eu\/wp-content\/uploads\/2021\/09\/DC-18GD-se-zapalovanim-232x248-1.png","type":"image\/png"}],"twitter_card":"summary_large_image","schema":{"@context":"https:\/\/schema.org","@graph":[{"@type":"WebPage","@id":"https:\/\/www.atmos.eu\/fr\/produit\/chaudieres-a-gazeification-de-bois-dokogen\/dc25gd-avec-allumage-automatique\/","url":"https:\/\/www.atmos.eu\/fr\/produit\/chaudieres-a-gazeification-de-bois-dokogen\/dc25gd-avec-allumage-automatique\/","name":"DC25GD avec allumage automatique - ATMOS","isPartOf":{"@id":"https:\/\/www.atmos.eu\/fr\/#website"},"primaryImageOfPage":{"@id":"https:\/\/www.atmos.eu\/fr\/produit\/chaudieres-a-gazeification-de-bois-dokogen\/dc25gd-avec-allumage-automatique\/#primaryimage"},"image":{"@id":"https:\/\/www.atmos.eu\/fr\/produit\/chaudieres-a-gazeification-de-bois-dokogen\/dc25gd-avec-allumage-automatique\/#primaryimage"},"thumbnailUrl":"https:\/\/www.atmos.eu\/wp-content\/uploads\/2021\/09\/DC-18GD-se-zapalovanim-232x248-1.png","datePublished":"2021-09-03T11:07:56+00:00","dateModified":"2024-06-14T07:06:36+00:00","breadcrumb":{"@id":"https:\/\/www.atmos.eu\/fr\/produit\/chaudieres-a-gazeification-de-bois-dokogen\/dc25gd-avec-allumage-automatique\/#breadcrumb"},"inLanguage":"fr-FR","potentialAction":[{"@type":"ReadAction","target":["https:\/\/www.atmos.eu\/fr\/produit\/chaudieres-a-gazeification-de-bois-dokogen\/dc25gd-avec-allumage-automatique\/"]}]},{"@type":"ImageObject","inLanguage":"fr-FR","@id":"https:\/\/www.atmos.eu\/fr\/produit\/chaudieres-a-gazeification-de-bois-dokogen\/dc25gd-avec-allumage-automatique\/#primaryimage","url":"https:\/\/www.atmos.eu\/wp-content\/uploads\/2021\/09\/DC-18GD-se-zapalovanim-232x248-1.png","contentUrl":"https:\/\/www.atmos.eu\/wp-content\/uploads\/2021\/09\/DC-18GD-se-zapalovanim-232x248-1.png","width":232,"height":248},{"@type":"BreadcrumbList","@id":"https:\/\/www.atmos.eu\/fr\/produit\/chaudieres-a-gazeification-de-bois-dokogen\/dc25gd-avec-allumage-automatique\/#breadcrumb","itemListElement":[{"@type":"ListItem","position":1,"name":"Home","item":"https:\/\/www.atmos.eu\/fr\/"},{"@type":"ListItem","position":2,"name":"Chaudieres a gazeification de bois &#8211; Dokogen","item":"https:\/\/www.atmos.eu\/fr\/produit\/chaudieres-a-gazeification-de-bois-dokogen\/"},{"@type":"ListItem","position":3,"name":"DC25GD avec allumage automatique"}]},{"@type":"WebSite","@id":"https:\/\/www.atmos.eu\/fr\/#website","url":"https:\/\/www.atmos.eu\/fr\/","name":"ATMOS","description":"ATMOS","potentialAction":[{"@type":"SearchAction","target":{"@type":"EntryPoint","urlTemplate":"https:\/\/www.atmos.eu\/fr\/?s={search_term_string}"},"query-input":{"@type":"PropertyValueSpecification","valueRequired":true,"valueName":"search_term_string"}}],"inLanguage":"fr-FR"}]}},"_links":{"self":[{"href":"https:\/\/www.atmos.eu\/fr\/wp-json\/wp\/v2\/product\/19567","targetHints":{"allow":["GET"]}}],"collection":[{"href":"https:\/\/www.atmos.eu\/fr\/wp-json\/wp\/v2\/product"}],"about":[{"href":"https:\/\/www.atmos.eu\/fr\/wp-json\/wp\/v2\/types\/product"}],"up":[{"embeddable":true,"href":"https:\/\/www.atmos.eu\/fr\/wp-json\/wp\/v2\/product\/19560"}],"wp:featuredmedia":[{"embeddable":true,"href":"https:\/\/www.atmos.eu\/fr\/wp-json\/wp\/v2\/media\/31242"}],"wp:attachment":[{"href":"https:\/\/www.atmos.eu\/fr\/wp-json\/wp\/v2\/media?parent=19567"}],"curies":[{"name":"wp","href":"https:\/\/api.w.org\/{rel}","templated":true}]}}