{"id":19562,"date":"2021-06-28T15:20:36","date_gmt":"2021-06-28T13:20:36","guid":{"rendered":"https:\/\/www.atmos.eu\/produkt\/zplynovaci-kotle-na-drevo-dokogen\/dc18gd\/"},"modified":"2022-08-15T13:17:53","modified_gmt":"2022-08-15T11:17:53","slug":"dc18gd","status":"publish","type":"product","link":"https:\/\/www.atmos.eu\/fr\/produit\/chaudieres-a-gazeification-de-bois-dokogen\/dc18gd\/","title":{"rendered":"DC18GD"},"content":{"rendered":"","protected":false},"featured_media":19563,"parent":19560,"menu_order":0,"template":"","class_list":["post-19562","product","type-product","status-publish","has-post-thumbnail","hentry","product-parameters-330-mm","product-parameters-5-20-fr-puissance-kw","product-parameters-bois","product-parameters-ventilateur-dextraction"],"yoast_head":"<!-- This site is optimized with the Yoast SEO plugin v25.6 - https:\/\/yoast.com\/wordpress\/plugins\/seo\/ -->\n<title>DC18GD - ATMOS<\/title>\n<meta name=\"robots\" content=\"index, follow, max-snippet:-1, max-image-preview:large, max-video-preview:-1\" \/>\n<link rel=\"canonical\" href=\"https:\/\/www.atmos.eu\/fr\/produit\/chaudieres-a-gazeification-de-bois-dokogen\/dc18gd\/\" \/>\n<meta property=\"og:locale\" content=\"fr_FR\" \/>\n<meta property=\"og:type\" content=\"article\" \/>\n<meta property=\"og:title\" content=\"DC18GD - ATMOS\" \/>\n<meta property=\"og:description\" content=\"Chaudi\u00e8re \u00e0 gaz\u00e9ification du bois\" \/>\n<meta property=\"og:url\" content=\"https:\/\/www.atmos.eu\/fr\/produit\/chaudieres-a-gazeification-de-bois-dokogen\/dc18gd\/\" \/>\n<meta property=\"og:site_name\" content=\"ATMOS\" \/>\n<meta property=\"article:modified_time\" content=\"2022-08-15T11:17:53+00:00\" \/>\n<meta property=\"og:image\" content=\"https:\/\/www.atmos.eu\/wp-content\/uploads\/2021\/06\/DCxxGD-72.png\" \/>\n\t<meta property=\"og:image:width\" content=\"232\" \/>\n\t<meta property=\"og:image:height\" content=\"243\" \/>\n\t<meta property=\"og:image:type\" content=\"image\/png\" \/>\n<meta name=\"twitter:card\" content=\"summary_large_image\" \/>\n<!-- \/ Yoast SEO plugin. -->","yoast_head_json":{"title":"DC18GD - ATMOS","robots":{"index":"index","follow":"follow","max-snippet":"max-snippet:-1","max-image-preview":"max-image-preview:large","max-video-preview":"max-video-preview:-1"},"canonical":"https:\/\/www.atmos.eu\/fr\/produit\/chaudieres-a-gazeification-de-bois-dokogen\/dc18gd\/","og_locale":"fr_FR","og_type":"article","og_title":"DC18GD - ATMOS","og_description":"Chaudi\u00e8re \u00e0 gaz\u00e9ification du bois","og_url":"https:\/\/www.atmos.eu\/fr\/produit\/chaudieres-a-gazeification-de-bois-dokogen\/dc18gd\/","og_site_name":"ATMOS","article_modified_time":"2022-08-15T11:17:53+00:00","og_image":[{"width":232,"height":243,"url":"https:\/\/www.atmos.eu\/wp-content\/uploads\/2021\/06\/DCxxGD-72.png","type":"image\/png"}],"twitter_card":"summary_large_image","schema":{"@context":"https:\/\/schema.org","@graph":[{"@type":"WebPage","@id":"https:\/\/www.atmos.eu\/fr\/produit\/chaudieres-a-gazeification-de-bois-dokogen\/dc18gd\/","url":"https:\/\/www.atmos.eu\/fr\/produit\/chaudieres-a-gazeification-de-bois-dokogen\/dc18gd\/","name":"DC18GD - ATMOS","isPartOf":{"@id":"https:\/\/www.atmos.eu\/fr\/#website"},"primaryImageOfPage":{"@id":"https:\/\/www.atmos.eu\/fr\/produit\/chaudieres-a-gazeification-de-bois-dokogen\/dc18gd\/#primaryimage"},"image":{"@id":"https:\/\/www.atmos.eu\/fr\/produit\/chaudieres-a-gazeification-de-bois-dokogen\/dc18gd\/#primaryimage"},"thumbnailUrl":"https:\/\/www.atmos.eu\/wp-content\/uploads\/2021\/06\/DCxxGD-72.png","datePublished":"2021-06-28T13:20:36+00:00","dateModified":"2022-08-15T11:17:53+00:00","breadcrumb":{"@id":"https:\/\/www.atmos.eu\/fr\/produit\/chaudieres-a-gazeification-de-bois-dokogen\/dc18gd\/#breadcrumb"},"inLanguage":"fr-FR","potentialAction":[{"@type":"ReadAction","target":["https:\/\/www.atmos.eu\/fr\/produit\/chaudieres-a-gazeification-de-bois-dokogen\/dc18gd\/"]}]},{"@type":"ImageObject","inLanguage":"fr-FR","@id":"https:\/\/www.atmos.eu\/fr\/produit\/chaudieres-a-gazeification-de-bois-dokogen\/dc18gd\/#primaryimage","url":"https:\/\/www.atmos.eu\/wp-content\/uploads\/2021\/06\/DCxxGD-72.png","contentUrl":"https:\/\/www.atmos.eu\/wp-content\/uploads\/2021\/06\/DCxxGD-72.png","width":232,"height":243},{"@type":"BreadcrumbList","@id":"https:\/\/www.atmos.eu\/fr\/produit\/chaudieres-a-gazeification-de-bois-dokogen\/dc18gd\/#breadcrumb","itemListElement":[{"@type":"ListItem","position":1,"name":"Home","item":"https:\/\/www.atmos.eu\/fr\/"},{"@type":"ListItem","position":2,"name":"Chaudieres a gazeification de bois &#8211; Dokogen","item":"https:\/\/www.atmos.eu\/fr\/produit\/chaudieres-a-gazeification-de-bois-dokogen\/"},{"@type":"ListItem","position":3,"name":"DC18GD"}]},{"@type":"WebSite","@id":"https:\/\/www.atmos.eu\/fr\/#website","url":"https:\/\/www.atmos.eu\/fr\/","name":"ATMOS","description":"ATMOS","potentialAction":[{"@type":"SearchAction","target":{"@type":"EntryPoint","urlTemplate":"https:\/\/www.atmos.eu\/fr\/?s={search_term_string}"},"query-input":{"@type":"PropertyValueSpecification","valueRequired":true,"valueName":"search_term_string"}}],"inLanguage":"fr-FR"}]}},"_links":{"self":[{"href":"https:\/\/www.atmos.eu\/fr\/wp-json\/wp\/v2\/product\/19562","targetHints":{"allow":["GET"]}}],"collection":[{"href":"https:\/\/www.atmos.eu\/fr\/wp-json\/wp\/v2\/product"}],"about":[{"href":"https:\/\/www.atmos.eu\/fr\/wp-json\/wp\/v2\/types\/product"}],"up":[{"embeddable":true,"href":"https:\/\/www.atmos.eu\/fr\/wp-json\/wp\/v2\/product\/19560"}],"wp:featuredmedia":[{"embeddable":true,"href":"https:\/\/www.atmos.eu\/fr\/wp-json\/wp\/v2\/media\/19563"}],"wp:attachment":[{"href":"https:\/\/www.atmos.eu\/fr\/wp-json\/wp\/v2\/media?parent=19562"}],"curies":[{"name":"wp","href":"https:\/\/api.w.org\/{rel}","templated":true}]}}