{"id":19555,"date":"2021-06-29T10:29:59","date_gmt":"2021-06-29T08:29:59","guid":{"rendered":"https:\/\/www.atmos.eu\/produkt\/kompaktni-kotle-na-pelety\/d10px\/"},"modified":"2022-08-15T07:41:11","modified_gmt":"2022-08-15T05:41:11","slug":"d10px","status":"publish","type":"product","link":"https:\/\/www.atmos.eu\/fr\/produit\/chaudieres-a-granules-compactes\/d10px\/","title":{"rendered":"D10PX"},"content":{"rendered":"","protected":false},"featured_media":19556,"parent":19554,"menu_order":1,"template":"","class_list":["post-19555","product","type-product","status-publish","has-post-thumbnail","hentry","product-parameters-5-20-fr-puissance-kw","product-parameters-pellets"],"yoast_head":"<!-- This site is optimized with the Yoast SEO plugin v25.6 - https:\/\/yoast.com\/wordpress\/plugins\/seo\/ -->\n<title>D10PX - ATMOS<\/title>\n<meta name=\"robots\" content=\"index, follow, max-snippet:-1, max-image-preview:large, max-video-preview:-1\" \/>\n<link rel=\"canonical\" href=\"https:\/\/www.atmos.eu\/fr\/produit\/chaudieres-a-granules-compactes\/d10px\/\" \/>\n<meta property=\"og:locale\" content=\"fr_FR\" \/>\n<meta property=\"og:type\" content=\"article\" \/>\n<meta property=\"og:title\" content=\"D10PX - ATMOS\" \/>\n<meta property=\"og:description\" content=\"Chaudi\u00e8re automatique \u00e0 pellets (appareil complet avec br\u00fbleur, magasin int\u00e9gr\u00e9 et convoyeur \u00e0 pellets)\" \/>\n<meta property=\"og:url\" content=\"https:\/\/www.atmos.eu\/fr\/produit\/chaudieres-a-granules-compactes\/d10px\/\" \/>\n<meta property=\"og:site_name\" content=\"ATMOS\" \/>\n<meta property=\"article:modified_time\" content=\"2022-08-15T05:41:11+00:00\" \/>\n<meta property=\"og:image\" content=\"https:\/\/www.atmos.eu\/wp-content\/uploads\/2021\/06\/static-D-20PX.png\" \/>\n\t<meta property=\"og:image:width\" content=\"232\" \/>\n\t<meta property=\"og:image:height\" content=\"248\" \/>\n\t<meta property=\"og:image:type\" content=\"image\/png\" \/>\n<meta name=\"twitter:card\" content=\"summary_large_image\" \/>\n<!-- \/ Yoast SEO plugin. -->","yoast_head_json":{"title":"D10PX - ATMOS","robots":{"index":"index","follow":"follow","max-snippet":"max-snippet:-1","max-image-preview":"max-image-preview:large","max-video-preview":"max-video-preview:-1"},"canonical":"https:\/\/www.atmos.eu\/fr\/produit\/chaudieres-a-granules-compactes\/d10px\/","og_locale":"fr_FR","og_type":"article","og_title":"D10PX - ATMOS","og_description":"Chaudi\u00e8re automatique \u00e0 pellets (appareil complet avec br\u00fbleur, magasin int\u00e9gr\u00e9 et convoyeur \u00e0 pellets)","og_url":"https:\/\/www.atmos.eu\/fr\/produit\/chaudieres-a-granules-compactes\/d10px\/","og_site_name":"ATMOS","article_modified_time":"2022-08-15T05:41:11+00:00","og_image":[{"width":232,"height":248,"url":"https:\/\/www.atmos.eu\/wp-content\/uploads\/2021\/06\/static-D-20PX.png","type":"image\/png"}],"twitter_card":"summary_large_image","schema":{"@context":"https:\/\/schema.org","@graph":[{"@type":"WebPage","@id":"https:\/\/www.atmos.eu\/fr\/produit\/chaudieres-a-granules-compactes\/d10px\/","url":"https:\/\/www.atmos.eu\/fr\/produit\/chaudieres-a-granules-compactes\/d10px\/","name":"D10PX - ATMOS","isPartOf":{"@id":"https:\/\/www.atmos.eu\/fr\/#website"},"primaryImageOfPage":{"@id":"https:\/\/www.atmos.eu\/fr\/produit\/chaudieres-a-granules-compactes\/d10px\/#primaryimage"},"image":{"@id":"https:\/\/www.atmos.eu\/fr\/produit\/chaudieres-a-granules-compactes\/d10px\/#primaryimage"},"thumbnailUrl":"https:\/\/www.atmos.eu\/wp-content\/uploads\/2021\/06\/static-D-20PX.png","datePublished":"2021-06-29T08:29:59+00:00","dateModified":"2022-08-15T05:41:11+00:00","breadcrumb":{"@id":"https:\/\/www.atmos.eu\/fr\/produit\/chaudieres-a-granules-compactes\/d10px\/#breadcrumb"},"inLanguage":"fr-FR","potentialAction":[{"@type":"ReadAction","target":["https:\/\/www.atmos.eu\/fr\/produit\/chaudieres-a-granules-compactes\/d10px\/"]}]},{"@type":"ImageObject","inLanguage":"fr-FR","@id":"https:\/\/www.atmos.eu\/fr\/produit\/chaudieres-a-granules-compactes\/d10px\/#primaryimage","url":"https:\/\/www.atmos.eu\/wp-content\/uploads\/2021\/06\/static-D-20PX.png","contentUrl":"https:\/\/www.atmos.eu\/wp-content\/uploads\/2021\/06\/static-D-20PX.png","width":232,"height":248},{"@type":"BreadcrumbList","@id":"https:\/\/www.atmos.eu\/fr\/produit\/chaudieres-a-granules-compactes\/d10px\/#breadcrumb","itemListElement":[{"@type":"ListItem","position":1,"name":"Home","item":"https:\/\/www.atmos.eu\/fr\/"},{"@type":"ListItem","position":2,"name":"Chaudi\u00e8res \u00e0 granul\u00e9s compactes","item":"https:\/\/www.atmos.eu\/fr\/produit\/chaudieres-a-granules-compactes\/"},{"@type":"ListItem","position":3,"name":"D10PX"}]},{"@type":"WebSite","@id":"https:\/\/www.atmos.eu\/fr\/#website","url":"https:\/\/www.atmos.eu\/fr\/","name":"ATMOS","description":"ATMOS","potentialAction":[{"@type":"SearchAction","target":{"@type":"EntryPoint","urlTemplate":"https:\/\/www.atmos.eu\/fr\/?s={search_term_string}"},"query-input":{"@type":"PropertyValueSpecification","valueRequired":true,"valueName":"search_term_string"}}],"inLanguage":"fr-FR"}]}},"_links":{"self":[{"href":"https:\/\/www.atmos.eu\/fr\/wp-json\/wp\/v2\/product\/19555","targetHints":{"allow":["GET"]}}],"collection":[{"href":"https:\/\/www.atmos.eu\/fr\/wp-json\/wp\/v2\/product"}],"about":[{"href":"https:\/\/www.atmos.eu\/fr\/wp-json\/wp\/v2\/types\/product"}],"up":[{"embeddable":true,"href":"https:\/\/www.atmos.eu\/fr\/wp-json\/wp\/v2\/product\/19554"}],"wp:featuredmedia":[{"embeddable":true,"href":"https:\/\/www.atmos.eu\/fr\/wp-json\/wp\/v2\/media\/19556"}],"wp:attachment":[{"href":"https:\/\/www.atmos.eu\/fr\/wp-json\/wp\/v2\/media?parent=19555"}],"curies":[{"name":"wp","href":"https:\/\/api.w.org\/{rel}","templated":true}]}}