{"id":19512,"date":"2021-06-28T10:34:40","date_gmt":"2021-06-28T08:34:40","guid":{"rendered":"https:\/\/www.atmos.eu\/produkt\/zplynovaci-kotle-na-drevo-drevoplyn\/dc18s\/"},"modified":"2022-09-30T09:53:21","modified_gmt":"2022-09-30T07:53:21","slug":"dc18s","status":"publish","type":"product","link":"https:\/\/www.atmos.eu\/fr\/produit\/chaudieres-a-gazeification-de-bois-drevoplyn\/dc18s\/","title":{"rendered":"DC18S"},"content":{"rendered":"","protected":false},"featured_media":19513,"parent":19511,"menu_order":0,"template":"","class_list":["post-19512","product","type-product","status-publish","has-post-thumbnail","hentry","product-parameters-20-30-fr","product-parameters-330-mm","product-parameters-5-20-fr-puissance-kw","product-parameters-avec-regulation-acd-04","product-parameters-bois","product-parameters-ventilateur-dextraction"],"yoast_head":"<!-- This site is optimized with the Yoast SEO plugin v25.6 - https:\/\/yoast.com\/wordpress\/plugins\/seo\/ -->\n<title>DC18S - ATMOS<\/title>\n<meta name=\"robots\" content=\"index, follow, max-snippet:-1, max-image-preview:large, max-video-preview:-1\" \/>\n<link rel=\"canonical\" href=\"https:\/\/www.atmos.eu\/fr\/produit\/chaudieres-a-gazeification-de-bois-drevoplyn\/dc18s\/\" \/>\n<meta property=\"og:locale\" content=\"fr_FR\" \/>\n<meta property=\"og:type\" content=\"article\" \/>\n<meta property=\"og:title\" content=\"DC18S - ATMOS\" \/>\n<meta property=\"og:description\" content=\"La plus petite chaudi\u00e8re de la s\u00e9rie D\u0159evoplyn est \u00e9quip\u00e9e d&#039;une buse en c\u00e9ramique dans la chambre sup\u00e9rieure. La chambre inf\u00e9rieure, \u00e9quip\u00e9e d&#039;un raccord sph\u00e9rique en c\u00e9ramique, est con\u00e7ue pour faciliter l&#039;\u00e9limination des cendres.\" \/>\n<meta property=\"og:url\" content=\"https:\/\/www.atmos.eu\/fr\/produit\/chaudieres-a-gazeification-de-bois-drevoplyn\/dc18s\/\" \/>\n<meta property=\"og:site_name\" content=\"ATMOS\" \/>\n<meta property=\"article:modified_time\" content=\"2022-09-30T07:53:21+00:00\" \/>\n<meta property=\"og:image\" content=\"https:\/\/www.atmos.eu\/wp-content\/uploads\/2021\/06\/DC18S-72.png\" \/>\n\t<meta property=\"og:image:width\" content=\"232\" \/>\n\t<meta property=\"og:image:height\" content=\"248\" \/>\n\t<meta property=\"og:image:type\" content=\"image\/png\" \/>\n<meta name=\"twitter:card\" content=\"summary_large_image\" \/>\n<!-- \/ Yoast SEO plugin. -->","yoast_head_json":{"title":"DC18S - ATMOS","robots":{"index":"index","follow":"follow","max-snippet":"max-snippet:-1","max-image-preview":"max-image-preview:large","max-video-preview":"max-video-preview:-1"},"canonical":"https:\/\/www.atmos.eu\/fr\/produit\/chaudieres-a-gazeification-de-bois-drevoplyn\/dc18s\/","og_locale":"fr_FR","og_type":"article","og_title":"DC18S - ATMOS","og_description":"La plus petite chaudi\u00e8re de la s\u00e9rie D\u0159evoplyn est \u00e9quip\u00e9e d'une buse en c\u00e9ramique dans la chambre sup\u00e9rieure. La chambre inf\u00e9rieure, \u00e9quip\u00e9e d'un raccord sph\u00e9rique en c\u00e9ramique, est con\u00e7ue pour faciliter l'\u00e9limination des cendres.","og_url":"https:\/\/www.atmos.eu\/fr\/produit\/chaudieres-a-gazeification-de-bois-drevoplyn\/dc18s\/","og_site_name":"ATMOS","article_modified_time":"2022-09-30T07:53:21+00:00","og_image":[{"width":232,"height":248,"url":"https:\/\/www.atmos.eu\/wp-content\/uploads\/2021\/06\/DC18S-72.png","type":"image\/png"}],"twitter_card":"summary_large_image","schema":{"@context":"https:\/\/schema.org","@graph":[{"@type":"WebPage","@id":"https:\/\/www.atmos.eu\/fr\/produit\/chaudieres-a-gazeification-de-bois-drevoplyn\/dc18s\/","url":"https:\/\/www.atmos.eu\/fr\/produit\/chaudieres-a-gazeification-de-bois-drevoplyn\/dc18s\/","name":"DC18S - ATMOS","isPartOf":{"@id":"https:\/\/www.atmos.eu\/fr\/#website"},"primaryImageOfPage":{"@id":"https:\/\/www.atmos.eu\/fr\/produit\/chaudieres-a-gazeification-de-bois-drevoplyn\/dc18s\/#primaryimage"},"image":{"@id":"https:\/\/www.atmos.eu\/fr\/produit\/chaudieres-a-gazeification-de-bois-drevoplyn\/dc18s\/#primaryimage"},"thumbnailUrl":"https:\/\/www.atmos.eu\/wp-content\/uploads\/2021\/06\/DC18S-72.png","datePublished":"2021-06-28T08:34:40+00:00","dateModified":"2022-09-30T07:53:21+00:00","breadcrumb":{"@id":"https:\/\/www.atmos.eu\/fr\/produit\/chaudieres-a-gazeification-de-bois-drevoplyn\/dc18s\/#breadcrumb"},"inLanguage":"fr-FR","potentialAction":[{"@type":"ReadAction","target":["https:\/\/www.atmos.eu\/fr\/produit\/chaudieres-a-gazeification-de-bois-drevoplyn\/dc18s\/"]}]},{"@type":"ImageObject","inLanguage":"fr-FR","@id":"https:\/\/www.atmos.eu\/fr\/produit\/chaudieres-a-gazeification-de-bois-drevoplyn\/dc18s\/#primaryimage","url":"https:\/\/www.atmos.eu\/wp-content\/uploads\/2021\/06\/DC18S-72.png","contentUrl":"https:\/\/www.atmos.eu\/wp-content\/uploads\/2021\/06\/DC18S-72.png","width":232,"height":248},{"@type":"BreadcrumbList","@id":"https:\/\/www.atmos.eu\/fr\/produit\/chaudieres-a-gazeification-de-bois-drevoplyn\/dc18s\/#breadcrumb","itemListElement":[{"@type":"ListItem","position":1,"name":"Home","item":"https:\/\/www.atmos.eu\/fr\/"},{"@type":"ListItem","position":2,"name":"Chaudieres a gazeification de bois &#8211; Drevoplyn","item":"https:\/\/www.atmos.eu\/fr\/produit\/chaudieres-a-gazeification-de-bois-drevoplyn\/"},{"@type":"ListItem","position":3,"name":"DC18S"}]},{"@type":"WebSite","@id":"https:\/\/www.atmos.eu\/fr\/#website","url":"https:\/\/www.atmos.eu\/fr\/","name":"ATMOS","description":"ATMOS","potentialAction":[{"@type":"SearchAction","target":{"@type":"EntryPoint","urlTemplate":"https:\/\/www.atmos.eu\/fr\/?s={search_term_string}"},"query-input":{"@type":"PropertyValueSpecification","valueRequired":true,"valueName":"search_term_string"}}],"inLanguage":"fr-FR"}]}},"_links":{"self":[{"href":"https:\/\/www.atmos.eu\/fr\/wp-json\/wp\/v2\/product\/19512","targetHints":{"allow":["GET"]}}],"collection":[{"href":"https:\/\/www.atmos.eu\/fr\/wp-json\/wp\/v2\/product"}],"about":[{"href":"https:\/\/www.atmos.eu\/fr\/wp-json\/wp\/v2\/types\/product"}],"up":[{"embeddable":true,"href":"https:\/\/www.atmos.eu\/fr\/wp-json\/wp\/v2\/product\/19511"}],"wp:featuredmedia":[{"embeddable":true,"href":"https:\/\/www.atmos.eu\/fr\/wp-json\/wp\/v2\/media\/19513"}],"wp:attachment":[{"href":"https:\/\/www.atmos.eu\/fr\/wp-json\/wp\/v2\/media?parent=19512"}],"curies":[{"name":"wp","href":"https:\/\/api.w.org\/{rel}","templated":true}]}}