{"id":19494,"date":"2021-06-29T10:00:36","date_gmt":"2021-06-29T08:00:36","guid":{"rendered":"https:\/\/www.atmos.eu\/produkt\/automaticke-kotle-na-pelety\/d21p\/"},"modified":"2022-08-11T10:42:59","modified_gmt":"2022-08-11T08:42:59","slug":"d21p","status":"publish","type":"product","link":"https:\/\/www.atmos.eu\/fr\/produit\/chaudieres-a-granules-automatiques\/d21p\/","title":{"rendered":"D21P"},"content":{"rendered":"","protected":false},"featured_media":19491,"parent":19489,"menu_order":3,"template":"","class_list":["post-19494","product","type-product","status-publish","has-post-thumbnail","hentry","product-parameters-5-20-fr-puissance-kw","product-parameters-allumage-automatique","product-parameters-pellets"],"yoast_head":"<!-- This site is optimized with the Yoast SEO plugin v25.6 - https:\/\/yoast.com\/wordpress\/plugins\/seo\/ -->\n<title>D21P - ATMOS<\/title>\n<meta name=\"robots\" content=\"index, follow, max-snippet:-1, max-image-preview:large, max-video-preview:-1\" \/>\n<link rel=\"canonical\" href=\"https:\/\/www.atmos.eu\/fr\/produit\/chaudieres-a-granules-automatiques\/d21p\/\" \/>\n<meta property=\"og:locale\" content=\"fr_FR\" \/>\n<meta property=\"og:type\" content=\"article\" \/>\n<meta property=\"og:title\" content=\"D21P - ATMOS\" \/>\n<meta property=\"og:description\" content=\"Chaudi\u00e8re automatique \u00e0 pellets.\" \/>\n<meta property=\"og:url\" content=\"https:\/\/www.atmos.eu\/fr\/produit\/chaudieres-a-granules-automatiques\/d21p\/\" \/>\n<meta property=\"og:site_name\" content=\"ATMOS\" \/>\n<meta property=\"article:modified_time\" content=\"2022-08-11T08:42:59+00:00\" \/>\n<meta property=\"og:image\" content=\"https:\/\/www.atmos.eu\/wp-content\/uploads\/2021\/06\/D-21P-72-1.png\" \/>\n\t<meta property=\"og:image:width\" content=\"232\" \/>\n\t<meta property=\"og:image:height\" content=\"248\" \/>\n\t<meta property=\"og:image:type\" content=\"image\/png\" \/>\n<meta name=\"twitter:card\" content=\"summary_large_image\" \/>\n<!-- \/ Yoast SEO plugin. -->","yoast_head_json":{"title":"D21P - ATMOS","robots":{"index":"index","follow":"follow","max-snippet":"max-snippet:-1","max-image-preview":"max-image-preview:large","max-video-preview":"max-video-preview:-1"},"canonical":"https:\/\/www.atmos.eu\/fr\/produit\/chaudieres-a-granules-automatiques\/d21p\/","og_locale":"fr_FR","og_type":"article","og_title":"D21P - ATMOS","og_description":"Chaudi\u00e8re automatique \u00e0 pellets.","og_url":"https:\/\/www.atmos.eu\/fr\/produit\/chaudieres-a-granules-automatiques\/d21p\/","og_site_name":"ATMOS","article_modified_time":"2022-08-11T08:42:59+00:00","og_image":[{"width":232,"height":248,"url":"https:\/\/www.atmos.eu\/wp-content\/uploads\/2021\/06\/D-21P-72-1.png","type":"image\/png"}],"twitter_card":"summary_large_image","schema":{"@context":"https:\/\/schema.org","@graph":[{"@type":"WebPage","@id":"https:\/\/www.atmos.eu\/fr\/produit\/chaudieres-a-granules-automatiques\/d21p\/","url":"https:\/\/www.atmos.eu\/fr\/produit\/chaudieres-a-granules-automatiques\/d21p\/","name":"D21P - ATMOS","isPartOf":{"@id":"https:\/\/www.atmos.eu\/fr\/#website"},"primaryImageOfPage":{"@id":"https:\/\/www.atmos.eu\/fr\/produit\/chaudieres-a-granules-automatiques\/d21p\/#primaryimage"},"image":{"@id":"https:\/\/www.atmos.eu\/fr\/produit\/chaudieres-a-granules-automatiques\/d21p\/#primaryimage"},"thumbnailUrl":"https:\/\/www.atmos.eu\/wp-content\/uploads\/2021\/06\/D-21P-72-1.png","datePublished":"2021-06-29T08:00:36+00:00","dateModified":"2022-08-11T08:42:59+00:00","breadcrumb":{"@id":"https:\/\/www.atmos.eu\/fr\/produit\/chaudieres-a-granules-automatiques\/d21p\/#breadcrumb"},"inLanguage":"fr-FR","potentialAction":[{"@type":"ReadAction","target":["https:\/\/www.atmos.eu\/fr\/produit\/chaudieres-a-granules-automatiques\/d21p\/"]}]},{"@type":"ImageObject","inLanguage":"fr-FR","@id":"https:\/\/www.atmos.eu\/fr\/produit\/chaudieres-a-granules-automatiques\/d21p\/#primaryimage","url":"https:\/\/www.atmos.eu\/wp-content\/uploads\/2021\/06\/D-21P-72-1.png","contentUrl":"https:\/\/www.atmos.eu\/wp-content\/uploads\/2021\/06\/D-21P-72-1.png","width":232,"height":248},{"@type":"BreadcrumbList","@id":"https:\/\/www.atmos.eu\/fr\/produit\/chaudieres-a-granules-automatiques\/d21p\/#breadcrumb","itemListElement":[{"@type":"ListItem","position":1,"name":"Home","item":"https:\/\/www.atmos.eu\/fr\/"},{"@type":"ListItem","position":2,"name":"Chaudi\u00e8res \u00e0 granul\u00e9s automatiques","item":"https:\/\/www.atmos.eu\/fr\/produit\/chaudieres-a-granules-automatiques\/"},{"@type":"ListItem","position":3,"name":"D21P"}]},{"@type":"WebSite","@id":"https:\/\/www.atmos.eu\/fr\/#website","url":"https:\/\/www.atmos.eu\/fr\/","name":"ATMOS","description":"ATMOS","potentialAction":[{"@type":"SearchAction","target":{"@type":"EntryPoint","urlTemplate":"https:\/\/www.atmos.eu\/fr\/?s={search_term_string}"},"query-input":{"@type":"PropertyValueSpecification","valueRequired":true,"valueName":"search_term_string"}}],"inLanguage":"fr-FR"}]}},"_links":{"self":[{"href":"https:\/\/www.atmos.eu\/fr\/wp-json\/wp\/v2\/product\/19494","targetHints":{"allow":["GET"]}}],"collection":[{"href":"https:\/\/www.atmos.eu\/fr\/wp-json\/wp\/v2\/product"}],"about":[{"href":"https:\/\/www.atmos.eu\/fr\/wp-json\/wp\/v2\/types\/product"}],"up":[{"embeddable":true,"href":"https:\/\/www.atmos.eu\/fr\/wp-json\/wp\/v2\/product\/19489"}],"wp:featuredmedia":[{"embeddable":true,"href":"https:\/\/www.atmos.eu\/fr\/wp-json\/wp\/v2\/media\/19491"}],"wp:attachment":[{"href":"https:\/\/www.atmos.eu\/fr\/wp-json\/wp\/v2\/media?parent=19494"}],"curies":[{"name":"wp","href":"https:\/\/api.w.org\/{rel}","templated":true}]}}