{"id":15461,"date":"2021-09-03T13:05:36","date_gmt":"2021-09-03T11:05:36","guid":{"rendered":"https:\/\/www.atmos.eu\/produkt\/zplynovaci-kotle-na-drevo-dokogen\/dc18gd-s-automatickym-zapalovanim\/"},"modified":"2024-06-14T08:58:01","modified_gmt":"2024-06-14T06:58:01","slug":"dc18gd-con-encendido-autom","status":"publish","type":"product","link":"https:\/\/www.atmos.eu\/es\/produkt\/calderas-de-gasificacion-de-lena-dokogen\/dc18gd-con-encendido-autom\/","title":{"rendered":"DC18GD con encendido autom."},"content":{"rendered":"","protected":false},"featured_media":31248,"parent":15217,"menu_order":1,"template":"","class_list":["post-15461","product","type-product","status-publish","has-post-thumbnail","hentry","product-parameters-330-mm-es","product-parameters-5-20-es","product-parameters-con-regulacion-acd-04","product-parameters-encendido-automatico","product-parameters-lena","product-parameters-ventilador-de-extraccion"],"yoast_head":"<!-- This site is optimized with the Yoast SEO plugin v25.6 - https:\/\/yoast.com\/wordpress\/plugins\/seo\/ -->\n<title>DC18GD con encendido autom. - ATMOS<\/title>\n<meta name=\"robots\" content=\"index, follow, max-snippet:-1, max-image-preview:large, max-video-preview:-1\" \/>\n<link rel=\"canonical\" href=\"https:\/\/www.atmos.eu\/es\/produkt\/calderas-de-gasificacion-de-lena-dokogen\/dc18gd-con-encendido-autom\/\" \/>\n<meta property=\"og:locale\" content=\"es_ES\" \/>\n<meta property=\"og:type\" content=\"article\" \/>\n<meta property=\"og:title\" content=\"DC18GD con encendido autom. - ATMOS\" \/>\n<meta property=\"og:description\" content=\"Caldera de gasificaci\u00f3n de le\u00f1a con encendido autom\u00e1tico de le\u00f1a y regulaci\u00f3n equit\u00e9rmica ACD 04\" \/>\n<meta property=\"og:url\" content=\"https:\/\/www.atmos.eu\/es\/produkt\/calderas-de-gasificacion-de-lena-dokogen\/dc18gd-con-encendido-autom\/\" \/>\n<meta property=\"og:site_name\" content=\"ATMOS\" \/>\n<meta property=\"article:modified_time\" content=\"2024-06-14T06:58:01+00:00\" \/>\n<meta property=\"og:image\" content=\"https:\/\/www.atmos.eu\/wp-content\/uploads\/2021\/09\/DC-18GD-se-zapalovanim-232x248-1.png\" \/>\n\t<meta property=\"og:image:width\" content=\"232\" \/>\n\t<meta property=\"og:image:height\" content=\"248\" \/>\n\t<meta property=\"og:image:type\" content=\"image\/png\" \/>\n<meta name=\"twitter:card\" content=\"summary_large_image\" \/>\n<!-- \/ Yoast SEO plugin. -->","yoast_head_json":{"title":"DC18GD con encendido autom. - ATMOS","robots":{"index":"index","follow":"follow","max-snippet":"max-snippet:-1","max-image-preview":"max-image-preview:large","max-video-preview":"max-video-preview:-1"},"canonical":"https:\/\/www.atmos.eu\/es\/produkt\/calderas-de-gasificacion-de-lena-dokogen\/dc18gd-con-encendido-autom\/","og_locale":"es_ES","og_type":"article","og_title":"DC18GD con encendido autom. - ATMOS","og_description":"Caldera de gasificaci\u00f3n de le\u00f1a con encendido autom\u00e1tico de le\u00f1a y regulaci\u00f3n equit\u00e9rmica ACD 04","og_url":"https:\/\/www.atmos.eu\/es\/produkt\/calderas-de-gasificacion-de-lena-dokogen\/dc18gd-con-encendido-autom\/","og_site_name":"ATMOS","article_modified_time":"2024-06-14T06:58:01+00:00","og_image":[{"width":232,"height":248,"url":"https:\/\/www.atmos.eu\/wp-content\/uploads\/2021\/09\/DC-18GD-se-zapalovanim-232x248-1.png","type":"image\/png"}],"twitter_card":"summary_large_image","schema":{"@context":"https:\/\/schema.org","@graph":[{"@type":"WebPage","@id":"https:\/\/www.atmos.eu\/es\/produkt\/calderas-de-gasificacion-de-lena-dokogen\/dc18gd-con-encendido-autom\/","url":"https:\/\/www.atmos.eu\/es\/produkt\/calderas-de-gasificacion-de-lena-dokogen\/dc18gd-con-encendido-autom\/","name":"DC18GD con encendido autom. - ATMOS","isPartOf":{"@id":"https:\/\/www.atmos.eu\/es\/#website"},"primaryImageOfPage":{"@id":"https:\/\/www.atmos.eu\/es\/produkt\/calderas-de-gasificacion-de-lena-dokogen\/dc18gd-con-encendido-autom\/#primaryimage"},"image":{"@id":"https:\/\/www.atmos.eu\/es\/produkt\/calderas-de-gasificacion-de-lena-dokogen\/dc18gd-con-encendido-autom\/#primaryimage"},"thumbnailUrl":"https:\/\/www.atmos.eu\/wp-content\/uploads\/2021\/09\/DC-18GD-se-zapalovanim-232x248-1.png","datePublished":"2021-09-03T11:05:36+00:00","dateModified":"2024-06-14T06:58:01+00:00","breadcrumb":{"@id":"https:\/\/www.atmos.eu\/es\/produkt\/calderas-de-gasificacion-de-lena-dokogen\/dc18gd-con-encendido-autom\/#breadcrumb"},"inLanguage":"es","potentialAction":[{"@type":"ReadAction","target":["https:\/\/www.atmos.eu\/es\/produkt\/calderas-de-gasificacion-de-lena-dokogen\/dc18gd-con-encendido-autom\/"]}]},{"@type":"ImageObject","inLanguage":"es","@id":"https:\/\/www.atmos.eu\/es\/produkt\/calderas-de-gasificacion-de-lena-dokogen\/dc18gd-con-encendido-autom\/#primaryimage","url":"https:\/\/www.atmos.eu\/wp-content\/uploads\/2021\/09\/DC-18GD-se-zapalovanim-232x248-1.png","contentUrl":"https:\/\/www.atmos.eu\/wp-content\/uploads\/2021\/09\/DC-18GD-se-zapalovanim-232x248-1.png","width":232,"height":248},{"@type":"BreadcrumbList","@id":"https:\/\/www.atmos.eu\/es\/produkt\/calderas-de-gasificacion-de-lena-dokogen\/dc18gd-con-encendido-autom\/#breadcrumb","itemListElement":[{"@type":"ListItem","position":1,"name":"Home","item":"https:\/\/www.atmos.eu\/es\/"},{"@type":"ListItem","position":2,"name":"Calderas de gasificaci\u00f3n de le\u00f1a &#8211; Dokogen","item":"https:\/\/www.atmos.eu\/es\/produkt\/calderas-de-gasificacion-de-lena-dokogen\/"},{"@type":"ListItem","position":3,"name":"DC18GD con encendido autom."}]},{"@type":"WebSite","@id":"https:\/\/www.atmos.eu\/es\/#website","url":"https:\/\/www.atmos.eu\/es\/","name":"ATMOS","description":"ATMOS","potentialAction":[{"@type":"SearchAction","target":{"@type":"EntryPoint","urlTemplate":"https:\/\/www.atmos.eu\/es\/?s={search_term_string}"},"query-input":{"@type":"PropertyValueSpecification","valueRequired":true,"valueName":"search_term_string"}}],"inLanguage":"es"}]}},"_links":{"self":[{"href":"https:\/\/www.atmos.eu\/es\/wp-json\/wp\/v2\/product\/15461","targetHints":{"allow":["GET"]}}],"collection":[{"href":"https:\/\/www.atmos.eu\/es\/wp-json\/wp\/v2\/product"}],"about":[{"href":"https:\/\/www.atmos.eu\/es\/wp-json\/wp\/v2\/types\/product"}],"up":[{"embeddable":true,"href":"https:\/\/www.atmos.eu\/es\/wp-json\/wp\/v2\/product\/15217"}],"wp:featuredmedia":[{"embeddable":true,"href":"https:\/\/www.atmos.eu\/es\/wp-json\/wp\/v2\/media\/31248"}],"wp:attachment":[{"href":"https:\/\/www.atmos.eu\/es\/wp-json\/wp\/v2\/media?parent=15461"}],"curies":[{"name":"wp","href":"https:\/\/api.w.org\/{rel}","templated":true}]}}