{"id":15317,"date":"2021-06-28T10:34:40","date_gmt":"2021-06-28T08:34:40","guid":{"rendered":"https:\/\/www.atmos.eu\/produkt\/zplynovaci-kotle-na-drevo-drevoplyn\/dc18s\/"},"modified":"2023-08-09T09:03:40","modified_gmt":"2023-08-09T07:03:40","slug":"dc18s","status":"publish","type":"product","link":"https:\/\/www.atmos.eu\/es\/produkt\/calderas-de-gasificacion-de-lena-drevoplyn\/dc18s\/","title":{"rendered":"DC18S"},"content":{"rendered":"","protected":false},"featured_media":15318,"parent":15182,"menu_order":0,"template":"","class_list":["post-15317","product","type-product","status-publish","has-post-thumbnail","hentry","product-parameters-20-30-es","product-parameters-330-mm-es","product-parameters-5-20-es","product-parameters-con-regulacion-acd-04","product-parameters-lena","product-parameters-ventilador-de-extraccion"],"yoast_head":"<!-- This site is optimized with the Yoast SEO plugin v25.6 - https:\/\/yoast.com\/wordpress\/plugins\/seo\/ -->\n<title>DC18S - ATMOS<\/title>\n<meta name=\"robots\" content=\"index, follow, max-snippet:-1, max-image-preview:large, max-video-preview:-1\" \/>\n<link rel=\"canonical\" href=\"https:\/\/www.atmos.eu\/es\/produkt\/calderas-de-gasificacion-de-lena-drevoplyn\/dc18s\/\" \/>\n<meta property=\"og:locale\" content=\"es_ES\" \/>\n<meta property=\"og:type\" content=\"article\" \/>\n<meta property=\"og:title\" content=\"DC18S - ATMOS\" \/>\n<meta property=\"og:description\" content=\"La caldera m\u00e1s peque\u00f1a de la serie Gas de madera est\u00e1 equipada con una boquilla cer\u00e1mica en la c\u00e1mara superior. La c\u00e1mara inferior, equipada con un accesorio cer\u00e1mico esf\u00e9rico, est\u00e1 dise\u00f1ada para facilitar la retirada de cenizas.\" \/>\n<meta property=\"og:url\" content=\"https:\/\/www.atmos.eu\/es\/produkt\/calderas-de-gasificacion-de-lena-drevoplyn\/dc18s\/\" \/>\n<meta property=\"og:site_name\" content=\"ATMOS\" \/>\n<meta property=\"article:modified_time\" content=\"2023-08-09T07:03:40+00:00\" \/>\n<meta property=\"og:image\" content=\"https:\/\/www.atmos.eu\/wp-content\/uploads\/2021\/06\/DC18S-72.png\" \/>\n\t<meta property=\"og:image:width\" content=\"232\" \/>\n\t<meta property=\"og:image:height\" content=\"248\" \/>\n\t<meta property=\"og:image:type\" content=\"image\/png\" \/>\n<meta name=\"twitter:card\" content=\"summary_large_image\" \/>\n<!-- \/ Yoast SEO plugin. -->","yoast_head_json":{"title":"DC18S - ATMOS","robots":{"index":"index","follow":"follow","max-snippet":"max-snippet:-1","max-image-preview":"max-image-preview:large","max-video-preview":"max-video-preview:-1"},"canonical":"https:\/\/www.atmos.eu\/es\/produkt\/calderas-de-gasificacion-de-lena-drevoplyn\/dc18s\/","og_locale":"es_ES","og_type":"article","og_title":"DC18S - ATMOS","og_description":"La caldera m\u00e1s peque\u00f1a de la serie Gas de madera est\u00e1 equipada con una boquilla cer\u00e1mica en la c\u00e1mara superior. La c\u00e1mara inferior, equipada con un accesorio cer\u00e1mico esf\u00e9rico, est\u00e1 dise\u00f1ada para facilitar la retirada de cenizas.","og_url":"https:\/\/www.atmos.eu\/es\/produkt\/calderas-de-gasificacion-de-lena-drevoplyn\/dc18s\/","og_site_name":"ATMOS","article_modified_time":"2023-08-09T07:03:40+00:00","og_image":[{"width":232,"height":248,"url":"https:\/\/www.atmos.eu\/wp-content\/uploads\/2021\/06\/DC18S-72.png","type":"image\/png"}],"twitter_card":"summary_large_image","schema":{"@context":"https:\/\/schema.org","@graph":[{"@type":"WebPage","@id":"https:\/\/www.atmos.eu\/es\/produkt\/calderas-de-gasificacion-de-lena-drevoplyn\/dc18s\/","url":"https:\/\/www.atmos.eu\/es\/produkt\/calderas-de-gasificacion-de-lena-drevoplyn\/dc18s\/","name":"DC18S - ATMOS","isPartOf":{"@id":"https:\/\/www.atmos.eu\/es\/#website"},"primaryImageOfPage":{"@id":"https:\/\/www.atmos.eu\/es\/produkt\/calderas-de-gasificacion-de-lena-drevoplyn\/dc18s\/#primaryimage"},"image":{"@id":"https:\/\/www.atmos.eu\/es\/produkt\/calderas-de-gasificacion-de-lena-drevoplyn\/dc18s\/#primaryimage"},"thumbnailUrl":"https:\/\/www.atmos.eu\/wp-content\/uploads\/2021\/06\/DC18S-72.png","datePublished":"2021-06-28T08:34:40+00:00","dateModified":"2023-08-09T07:03:40+00:00","breadcrumb":{"@id":"https:\/\/www.atmos.eu\/es\/produkt\/calderas-de-gasificacion-de-lena-drevoplyn\/dc18s\/#breadcrumb"},"inLanguage":"es","potentialAction":[{"@type":"ReadAction","target":["https:\/\/www.atmos.eu\/es\/produkt\/calderas-de-gasificacion-de-lena-drevoplyn\/dc18s\/"]}]},{"@type":"ImageObject","inLanguage":"es","@id":"https:\/\/www.atmos.eu\/es\/produkt\/calderas-de-gasificacion-de-lena-drevoplyn\/dc18s\/#primaryimage","url":"https:\/\/www.atmos.eu\/wp-content\/uploads\/2021\/06\/DC18S-72.png","contentUrl":"https:\/\/www.atmos.eu\/wp-content\/uploads\/2021\/06\/DC18S-72.png","width":232,"height":248},{"@type":"BreadcrumbList","@id":"https:\/\/www.atmos.eu\/es\/produkt\/calderas-de-gasificacion-de-lena-drevoplyn\/dc18s\/#breadcrumb","itemListElement":[{"@type":"ListItem","position":1,"name":"Home","item":"https:\/\/www.atmos.eu\/es\/"},{"@type":"ListItem","position":2,"name":"Calderas de gasificaci\u00f3n de le\u00f1a &#8211; D\u0159evoplyn","item":"https:\/\/www.atmos.eu\/es\/produkt\/calderas-de-gasificacion-de-lena-drevoplyn\/"},{"@type":"ListItem","position":3,"name":"DC18S"}]},{"@type":"WebSite","@id":"https:\/\/www.atmos.eu\/es\/#website","url":"https:\/\/www.atmos.eu\/es\/","name":"ATMOS","description":"ATMOS","potentialAction":[{"@type":"SearchAction","target":{"@type":"EntryPoint","urlTemplate":"https:\/\/www.atmos.eu\/es\/?s={search_term_string}"},"query-input":{"@type":"PropertyValueSpecification","valueRequired":true,"valueName":"search_term_string"}}],"inLanguage":"es"}]}},"_links":{"self":[{"href":"https:\/\/www.atmos.eu\/es\/wp-json\/wp\/v2\/product\/15317","targetHints":{"allow":["GET"]}}],"collection":[{"href":"https:\/\/www.atmos.eu\/es\/wp-json\/wp\/v2\/product"}],"about":[{"href":"https:\/\/www.atmos.eu\/es\/wp-json\/wp\/v2\/types\/product"}],"up":[{"embeddable":true,"href":"https:\/\/www.atmos.eu\/es\/wp-json\/wp\/v2\/product\/15182"}],"wp:featuredmedia":[{"embeddable":true,"href":"https:\/\/www.atmos.eu\/es\/wp-json\/wp\/v2\/media\/15318"}],"wp:attachment":[{"href":"https:\/\/www.atmos.eu\/es\/wp-json\/wp\/v2\/media?parent=15317"}],"curies":[{"name":"wp","href":"https:\/\/api.w.org\/{rel}","templated":true}]}}