{"id":29515,"date":"2021-09-03T13:05:36","date_gmt":"2021-09-03T11:05:36","guid":{"rendered":"https:\/\/www.atmos.eu\/produkt\/wood-gasification-boilers-dokogen\/dc18gd-s-automatickym-zapalovanim\/"},"modified":"2024-06-14T08:53:08","modified_gmt":"2024-06-14T06:53:08","slug":"dc18gd-with-auto-ignition","status":"publish","type":"product","link":"https:\/\/www.atmos.eu\/en\/product\/wood-gasification-boilers-dokogen\/dc18gd-with-auto-ignition\/","title":{"rendered":"DC18GD with auto. ignition"},"content":{"rendered":"","protected":false},"featured_media":31241,"parent":29504,"menu_order":1,"template":"","class_list":["post-29515","product","type-product","status-publish","has-post-thumbnail","hentry","product-parameters-hodnota-2-en","product-parameters-5-20-en","product-parameters-automatic-ignition","product-parameters-exhaust-fan","product-parameters-with-equithermal-control-acd04","product-parameters-wood"],"yoast_head":"<!-- This site is optimized with the Yoast SEO plugin v25.6 - https:\/\/yoast.com\/wordpress\/plugins\/seo\/ -->\n<title>DC18GD with auto. ignition - ATMOS<\/title>\n<meta name=\"robots\" content=\"index, follow, max-snippet:-1, max-image-preview:large, max-video-preview:-1\" \/>\n<link rel=\"canonical\" href=\"https:\/\/www.atmos.eu\/en\/product\/wood-gasification-boilers-dokogen\/dc18gd-with-auto-ignition\/\" \/>\n<meta property=\"og:locale\" content=\"en_US\" \/>\n<meta property=\"og:type\" content=\"article\" \/>\n<meta property=\"og:title\" content=\"DC18GD with auto. ignition - ATMOS\" \/>\n<meta property=\"og:description\" content=\"Zplynovac\u00ed kotel na d\u0159evo s automatick\u00fdm zapalov\u00e1n\u00edm d\u0159eva a ekvitermn\u00ed regulac\u00ed ACD 04\" \/>\n<meta property=\"og:url\" content=\"https:\/\/www.atmos.eu\/en\/product\/wood-gasification-boilers-dokogen\/dc18gd-with-auto-ignition\/\" \/>\n<meta property=\"og:site_name\" content=\"ATMOS\" \/>\n<meta property=\"article:modified_time\" content=\"2024-06-14T06:53:08+00:00\" \/>\n<meta property=\"og:image\" content=\"https:\/\/www.atmos.eu\/wp-content\/uploads\/2021\/09\/DC-18GD-se-zapalovanim-232x248-1.png\" \/>\n\t<meta property=\"og:image:width\" content=\"232\" \/>\n\t<meta property=\"og:image:height\" content=\"248\" \/>\n\t<meta property=\"og:image:type\" content=\"image\/png\" \/>\n<meta name=\"twitter:card\" content=\"summary_large_image\" \/>\n<!-- \/ Yoast SEO plugin. -->","yoast_head_json":{"title":"DC18GD with auto. ignition - ATMOS","robots":{"index":"index","follow":"follow","max-snippet":"max-snippet:-1","max-image-preview":"max-image-preview:large","max-video-preview":"max-video-preview:-1"},"canonical":"https:\/\/www.atmos.eu\/en\/product\/wood-gasification-boilers-dokogen\/dc18gd-with-auto-ignition\/","og_locale":"en_US","og_type":"article","og_title":"DC18GD with auto. ignition - ATMOS","og_description":"Zplynovac\u00ed kotel na d\u0159evo s automatick\u00fdm zapalov\u00e1n\u00edm d\u0159eva a ekvitermn\u00ed regulac\u00ed ACD 04","og_url":"https:\/\/www.atmos.eu\/en\/product\/wood-gasification-boilers-dokogen\/dc18gd-with-auto-ignition\/","og_site_name":"ATMOS","article_modified_time":"2024-06-14T06:53:08+00:00","og_image":[{"width":232,"height":248,"url":"https:\/\/www.atmos.eu\/wp-content\/uploads\/2021\/09\/DC-18GD-se-zapalovanim-232x248-1.png","type":"image\/png"}],"twitter_card":"summary_large_image","schema":{"@context":"https:\/\/schema.org","@graph":[{"@type":"WebPage","@id":"https:\/\/www.atmos.eu\/en\/product\/wood-gasification-boilers-dokogen\/dc18gd-with-auto-ignition\/","url":"https:\/\/www.atmos.eu\/en\/product\/wood-gasification-boilers-dokogen\/dc18gd-with-auto-ignition\/","name":"DC18GD with auto. ignition - ATMOS","isPartOf":{"@id":"https:\/\/www.atmos.eu\/en\/#website"},"primaryImageOfPage":{"@id":"https:\/\/www.atmos.eu\/en\/product\/wood-gasification-boilers-dokogen\/dc18gd-with-auto-ignition\/#primaryimage"},"image":{"@id":"https:\/\/www.atmos.eu\/en\/product\/wood-gasification-boilers-dokogen\/dc18gd-with-auto-ignition\/#primaryimage"},"thumbnailUrl":"https:\/\/www.atmos.eu\/wp-content\/uploads\/2021\/09\/DC-18GD-se-zapalovanim-232x248-1.png","datePublished":"2021-09-03T11:05:36+00:00","dateModified":"2024-06-14T06:53:08+00:00","breadcrumb":{"@id":"https:\/\/www.atmos.eu\/en\/product\/wood-gasification-boilers-dokogen\/dc18gd-with-auto-ignition\/#breadcrumb"},"inLanguage":"en-US","potentialAction":[{"@type":"ReadAction","target":["https:\/\/www.atmos.eu\/en\/product\/wood-gasification-boilers-dokogen\/dc18gd-with-auto-ignition\/"]}]},{"@type":"ImageObject","inLanguage":"en-US","@id":"https:\/\/www.atmos.eu\/en\/product\/wood-gasification-boilers-dokogen\/dc18gd-with-auto-ignition\/#primaryimage","url":"https:\/\/www.atmos.eu\/wp-content\/uploads\/2021\/09\/DC-18GD-se-zapalovanim-232x248-1.png","contentUrl":"https:\/\/www.atmos.eu\/wp-content\/uploads\/2021\/09\/DC-18GD-se-zapalovanim-232x248-1.png","width":232,"height":248},{"@type":"BreadcrumbList","@id":"https:\/\/www.atmos.eu\/en\/product\/wood-gasification-boilers-dokogen\/dc18gd-with-auto-ignition\/#breadcrumb","itemListElement":[{"@type":"ListItem","position":1,"name":"Home","item":"https:\/\/www.atmos.eu\/en\/"},{"@type":"ListItem","position":2,"name":"Wood gasification boilers &#8211; Dokogen","item":"https:\/\/www.atmos.eu\/en\/product\/wood-gasification-boilers-dokogen\/"},{"@type":"ListItem","position":3,"name":"DC18GD with auto. ignition"}]},{"@type":"WebSite","@id":"https:\/\/www.atmos.eu\/en\/#website","url":"https:\/\/www.atmos.eu\/en\/","name":"ATMOS","description":"ATMOS","potentialAction":[{"@type":"SearchAction","target":{"@type":"EntryPoint","urlTemplate":"https:\/\/www.atmos.eu\/en\/?s={search_term_string}"},"query-input":{"@type":"PropertyValueSpecification","valueRequired":true,"valueName":"search_term_string"}}],"inLanguage":"en-US"}]}},"_links":{"self":[{"href":"https:\/\/www.atmos.eu\/en\/wp-json\/wp\/v2\/product\/29515","targetHints":{"allow":["GET"]}}],"collection":[{"href":"https:\/\/www.atmos.eu\/en\/wp-json\/wp\/v2\/product"}],"about":[{"href":"https:\/\/www.atmos.eu\/en\/wp-json\/wp\/v2\/types\/product"}],"up":[{"embeddable":true,"href":"https:\/\/www.atmos.eu\/en\/wp-json\/wp\/v2\/product\/29504"}],"wp:featuredmedia":[{"embeddable":true,"href":"https:\/\/www.atmos.eu\/en\/wp-json\/wp\/v2\/media\/31241"}],"wp:attachment":[{"href":"https:\/\/www.atmos.eu\/en\/wp-json\/wp\/v2\/media?parent=29515"}],"curies":[{"name":"wp","href":"https:\/\/api.w.org\/{rel}","templated":true}]}}