{"id":29494,"date":"2021-07-01T09:12:18","date_gmt":"2021-07-01T07:12:18","guid":{"rendered":"https:\/\/www.atmos.eu\/produkt\/gasification-boilers-with-modification-for-pellet-burner\/c32st-s-upravou\/"},"modified":"2023-11-22T12:38:37","modified_gmt":"2023-11-22T11:38:37","slug":"c32st-with-modification","status":"publish","type":"product","link":"https:\/\/www.atmos.eu\/en\/product\/gasification-boilers-with-modification-for-pellet-burner\/c32st-with-modification\/","title":{"rendered":"C32ST with modification"},"content":{"rendered":"","protected":false},"featured_media":3732,"parent":29466,"menu_order":9,"template":"","class_list":["post-29494","product","type-product","status-publish","has-post-thumbnail","hentry","product-parameters-30-40-en","product-parameters-430-mm-en","product-parameters-automatic-ignition","product-parameters-exhaust-fan","product-parameters-pellets"],"yoast_head":"<!-- This site is optimized with the Yoast SEO plugin v25.6 - https:\/\/yoast.com\/wordpress\/plugins\/seo\/ -->\n<title>C32ST with modification - ATMOS<\/title>\n<meta name=\"robots\" content=\"index, follow, max-snippet:-1, max-image-preview:large, max-video-preview:-1\" \/>\n<link rel=\"canonical\" href=\"https:\/\/www.atmos.eu\/en\/product\/gasification-boilers-with-modification-for-pellet-burner\/c32st-with-modification\/\" \/>\n<meta property=\"og:locale\" content=\"en_US\" \/>\n<meta property=\"og:type\" content=\"article\" \/>\n<meta property=\"og:title\" content=\"C32ST with modification - ATMOS\" \/>\n<meta property=\"og:description\" content=\"Automatick\u00fd kotel na pelety (Zplynovac\u00ed kotel p\u016fvodn\u011b na hn\u011bd\u00e9 uhl\u00ed s \u00fapravou pro ho\u0159\u00e1k na pelety ve vrchn\u00edch dv\u00ed\u0159k\u00e1ch)\" \/>\n<meta property=\"og:url\" content=\"https:\/\/www.atmos.eu\/en\/product\/gasification-boilers-with-modification-for-pellet-burner\/c32st-with-modification\/\" \/>\n<meta property=\"og:site_name\" content=\"ATMOS\" \/>\n<meta property=\"article:modified_time\" content=\"2023-11-22T11:38:37+00:00\" \/>\n<meta property=\"og:image\" content=\"https:\/\/www.atmos.eu\/wp-content\/uploads\/2021\/07\/C-25ST-s-horakem-72.png\" \/>\n\t<meta property=\"og:image:width\" content=\"232\" \/>\n\t<meta property=\"og:image:height\" content=\"248\" \/>\n\t<meta property=\"og:image:type\" content=\"image\/png\" \/>\n<meta name=\"twitter:card\" content=\"summary_large_image\" \/>\n<!-- \/ Yoast SEO plugin. -->","yoast_head_json":{"title":"C32ST with modification - ATMOS","robots":{"index":"index","follow":"follow","max-snippet":"max-snippet:-1","max-image-preview":"max-image-preview:large","max-video-preview":"max-video-preview:-1"},"canonical":"https:\/\/www.atmos.eu\/en\/product\/gasification-boilers-with-modification-for-pellet-burner\/c32st-with-modification\/","og_locale":"en_US","og_type":"article","og_title":"C32ST with modification - ATMOS","og_description":"Automatick\u00fd kotel na pelety (Zplynovac\u00ed kotel p\u016fvodn\u011b na hn\u011bd\u00e9 uhl\u00ed s \u00fapravou pro ho\u0159\u00e1k na pelety ve vrchn\u00edch dv\u00ed\u0159k\u00e1ch)","og_url":"https:\/\/www.atmos.eu\/en\/product\/gasification-boilers-with-modification-for-pellet-burner\/c32st-with-modification\/","og_site_name":"ATMOS","article_modified_time":"2023-11-22T11:38:37+00:00","og_image":[{"width":232,"height":248,"url":"https:\/\/www.atmos.eu\/wp-content\/uploads\/2021\/07\/C-25ST-s-horakem-72.png","type":"image\/png"}],"twitter_card":"summary_large_image","schema":{"@context":"https:\/\/schema.org","@graph":[{"@type":"WebPage","@id":"https:\/\/www.atmos.eu\/en\/product\/gasification-boilers-with-modification-for-pellet-burner\/c32st-with-modification\/","url":"https:\/\/www.atmos.eu\/en\/product\/gasification-boilers-with-modification-for-pellet-burner\/c32st-with-modification\/","name":"C32ST with modification - ATMOS","isPartOf":{"@id":"https:\/\/www.atmos.eu\/en\/#website"},"primaryImageOfPage":{"@id":"https:\/\/www.atmos.eu\/en\/product\/gasification-boilers-with-modification-for-pellet-burner\/c32st-with-modification\/#primaryimage"},"image":{"@id":"https:\/\/www.atmos.eu\/en\/product\/gasification-boilers-with-modification-for-pellet-burner\/c32st-with-modification\/#primaryimage"},"thumbnailUrl":"https:\/\/www.atmos.eu\/wp-content\/uploads\/2021\/07\/C-25ST-s-horakem-72.png","datePublished":"2021-07-01T07:12:18+00:00","dateModified":"2023-11-22T11:38:37+00:00","breadcrumb":{"@id":"https:\/\/www.atmos.eu\/en\/product\/gasification-boilers-with-modification-for-pellet-burner\/c32st-with-modification\/#breadcrumb"},"inLanguage":"en-US","potentialAction":[{"@type":"ReadAction","target":["https:\/\/www.atmos.eu\/en\/product\/gasification-boilers-with-modification-for-pellet-burner\/c32st-with-modification\/"]}]},{"@type":"ImageObject","inLanguage":"en-US","@id":"https:\/\/www.atmos.eu\/en\/product\/gasification-boilers-with-modification-for-pellet-burner\/c32st-with-modification\/#primaryimage","url":"https:\/\/www.atmos.eu\/wp-content\/uploads\/2021\/07\/C-25ST-s-horakem-72.png","contentUrl":"https:\/\/www.atmos.eu\/wp-content\/uploads\/2021\/07\/C-25ST-s-horakem-72.png","width":232,"height":248,"caption":"C 25ST s ho\u0159\u00e1kem ATMOS"},{"@type":"BreadcrumbList","@id":"https:\/\/www.atmos.eu\/en\/product\/gasification-boilers-with-modification-for-pellet-burner\/c32st-with-modification\/#breadcrumb","itemListElement":[{"@type":"ListItem","position":1,"name":"Home","item":"https:\/\/www.atmos.eu\/en\/"},{"@type":"ListItem","position":2,"name":"Gasification boilers with modification for pellet burner","item":"https:\/\/www.atmos.eu\/en\/product\/gasification-boilers-with-modification-for-pellet-burner\/"},{"@type":"ListItem","position":3,"name":"C32ST with modification"}]},{"@type":"WebSite","@id":"https:\/\/www.atmos.eu\/en\/#website","url":"https:\/\/www.atmos.eu\/en\/","name":"ATMOS","description":"ATMOS","potentialAction":[{"@type":"SearchAction","target":{"@type":"EntryPoint","urlTemplate":"https:\/\/www.atmos.eu\/en\/?s={search_term_string}"},"query-input":{"@type":"PropertyValueSpecification","valueRequired":true,"valueName":"search_term_string"}}],"inLanguage":"en-US"}]}},"_links":{"self":[{"href":"https:\/\/www.atmos.eu\/en\/wp-json\/wp\/v2\/product\/29494"}],"collection":[{"href":"https:\/\/www.atmos.eu\/en\/wp-json\/wp\/v2\/product"}],"about":[{"href":"https:\/\/www.atmos.eu\/en\/wp-json\/wp\/v2\/types\/product"}],"up":[{"embeddable":true,"href":"https:\/\/www.atmos.eu\/en\/wp-json\/wp\/v2\/product\/29466"}],"wp:featuredmedia":[{"embeddable":true,"href":"https:\/\/www.atmos.eu\/en\/wp-json\/wp\/v2\/media\/3732"}],"wp:attachment":[{"href":"https:\/\/www.atmos.eu\/en\/wp-json\/wp\/v2\/media?parent=29494"}],"curies":[{"name":"wp","href":"https:\/\/api.w.org\/{rel}","templated":true}]}}