{"id":29471,"date":"2021-06-28T10:34:40","date_gmt":"2021-06-28T08:34:40","guid":{"rendered":"https:\/\/www.atmos.eu\/produkt\/gasification-boilers-for-wood-drevoplyn\/dc18s-2\/"},"modified":"2023-11-22T08:05:55","modified_gmt":"2023-11-22T07:05:55","slug":"dc18s","status":"publish","type":"product","link":"https:\/\/www.atmos.eu\/en\/product\/gasification-boilers-for-wood-drevoplyn\/dc18s\/","title":{"rendered":"DC18S"},"content":{"rendered":"","protected":false},"featured_media":3574,"parent":10996,"menu_order":0,"template":"","class_list":["post-29471","product","type-product","status-publish","has-post-thumbnail","hentry","product-parameters-20-30-en","product-parameters-hodnota-2-en","product-parameters-5-20-en","product-parameters-exhaust-fan","product-parameters-with-equithermal-control-acd04","product-parameters-wood"],"yoast_head":"<!-- This site is optimized with the Yoast SEO plugin v25.6 - https:\/\/yoast.com\/wordpress\/plugins\/seo\/ -->\n<title>DC18S - ATMOS<\/title>\n<meta name=\"robots\" content=\"index, follow, max-snippet:-1, max-image-preview:large, max-video-preview:-1\" \/>\n<link rel=\"canonical\" href=\"https:\/\/www.atmos.eu\/en\/product\/gasification-boilers-for-wood-drevoplyn\/dc18s\/\" \/>\n<meta property=\"og:locale\" content=\"en_US\" \/>\n<meta property=\"og:type\" content=\"article\" \/>\n<meta property=\"og:title\" content=\"DC18S - ATMOS\" \/>\n<meta property=\"og:description\" content=\"Nejmen\u0161\u00ed kotel z \u0159ady D\u0159evoplyn je vybaven keramickou tryskou v horn\u00ed komo\u0159e. Spodn\u00ed komora, vybavena kulovou keramickou tvarovkou, je ur\u010dena pro snadn\u00e9 vyb\u00edr\u00e1n\u00ed popela.\" \/>\n<meta property=\"og:url\" content=\"https:\/\/www.atmos.eu\/en\/product\/gasification-boilers-for-wood-drevoplyn\/dc18s\/\" \/>\n<meta property=\"og:site_name\" content=\"ATMOS\" \/>\n<meta property=\"article:modified_time\" content=\"2023-11-22T07:05:55+00:00\" \/>\n<meta property=\"og:image\" content=\"https:\/\/www.atmos.eu\/wp-content\/uploads\/2021\/06\/DC18S-72.png\" \/>\n\t<meta property=\"og:image:width\" content=\"232\" \/>\n\t<meta property=\"og:image:height\" content=\"248\" \/>\n\t<meta property=\"og:image:type\" content=\"image\/png\" \/>\n<meta name=\"twitter:card\" content=\"summary_large_image\" \/>\n<!-- \/ Yoast SEO plugin. -->","yoast_head_json":{"title":"DC18S - ATMOS","robots":{"index":"index","follow":"follow","max-snippet":"max-snippet:-1","max-image-preview":"max-image-preview:large","max-video-preview":"max-video-preview:-1"},"canonical":"https:\/\/www.atmos.eu\/en\/product\/gasification-boilers-for-wood-drevoplyn\/dc18s\/","og_locale":"en_US","og_type":"article","og_title":"DC18S - ATMOS","og_description":"Nejmen\u0161\u00ed kotel z \u0159ady D\u0159evoplyn je vybaven keramickou tryskou v horn\u00ed komo\u0159e. Spodn\u00ed komora, vybavena kulovou keramickou tvarovkou, je ur\u010dena pro snadn\u00e9 vyb\u00edr\u00e1n\u00ed popela.","og_url":"https:\/\/www.atmos.eu\/en\/product\/gasification-boilers-for-wood-drevoplyn\/dc18s\/","og_site_name":"ATMOS","article_modified_time":"2023-11-22T07:05:55+00:00","og_image":[{"width":232,"height":248,"url":"https:\/\/www.atmos.eu\/wp-content\/uploads\/2021\/06\/DC18S-72.png","type":"image\/png"}],"twitter_card":"summary_large_image","schema":{"@context":"https:\/\/schema.org","@graph":[{"@type":"WebPage","@id":"https:\/\/www.atmos.eu\/en\/product\/gasification-boilers-for-wood-drevoplyn\/dc18s\/","url":"https:\/\/www.atmos.eu\/en\/product\/gasification-boilers-for-wood-drevoplyn\/dc18s\/","name":"DC18S - ATMOS","isPartOf":{"@id":"https:\/\/www.atmos.eu\/en\/#website"},"primaryImageOfPage":{"@id":"https:\/\/www.atmos.eu\/en\/product\/gasification-boilers-for-wood-drevoplyn\/dc18s\/#primaryimage"},"image":{"@id":"https:\/\/www.atmos.eu\/en\/product\/gasification-boilers-for-wood-drevoplyn\/dc18s\/#primaryimage"},"thumbnailUrl":"https:\/\/www.atmos.eu\/wp-content\/uploads\/2021\/06\/DC18S-72.png","datePublished":"2021-06-28T08:34:40+00:00","dateModified":"2023-11-22T07:05:55+00:00","breadcrumb":{"@id":"https:\/\/www.atmos.eu\/en\/product\/gasification-boilers-for-wood-drevoplyn\/dc18s\/#breadcrumb"},"inLanguage":"en-US","potentialAction":[{"@type":"ReadAction","target":["https:\/\/www.atmos.eu\/en\/product\/gasification-boilers-for-wood-drevoplyn\/dc18s\/"]}]},{"@type":"ImageObject","inLanguage":"en-US","@id":"https:\/\/www.atmos.eu\/en\/product\/gasification-boilers-for-wood-drevoplyn\/dc18s\/#primaryimage","url":"https:\/\/www.atmos.eu\/wp-content\/uploads\/2021\/06\/DC18S-72.png","contentUrl":"https:\/\/www.atmos.eu\/wp-content\/uploads\/2021\/06\/DC18S-72.png","width":232,"height":248},{"@type":"BreadcrumbList","@id":"https:\/\/www.atmos.eu\/en\/product\/gasification-boilers-for-wood-drevoplyn\/dc18s\/#breadcrumb","itemListElement":[{"@type":"ListItem","position":1,"name":"Home","item":"https:\/\/www.atmos.eu\/en\/"},{"@type":"ListItem","position":2,"name":"Wood gasification boilers &#8211; Drevoplyn","item":"https:\/\/www.atmos.eu\/en\/product\/gasification-boilers-for-wood-drevoplyn\/"},{"@type":"ListItem","position":3,"name":"DC18S"}]},{"@type":"WebSite","@id":"https:\/\/www.atmos.eu\/en\/#website","url":"https:\/\/www.atmos.eu\/en\/","name":"ATMOS","description":"ATMOS","potentialAction":[{"@type":"SearchAction","target":{"@type":"EntryPoint","urlTemplate":"https:\/\/www.atmos.eu\/en\/?s={search_term_string}"},"query-input":{"@type":"PropertyValueSpecification","valueRequired":true,"valueName":"search_term_string"}}],"inLanguage":"en-US"}]}},"_links":{"self":[{"href":"https:\/\/www.atmos.eu\/en\/wp-json\/wp\/v2\/product\/29471","targetHints":{"allow":["GET"]}}],"collection":[{"href":"https:\/\/www.atmos.eu\/en\/wp-json\/wp\/v2\/product"}],"about":[{"href":"https:\/\/www.atmos.eu\/en\/wp-json\/wp\/v2\/types\/product"}],"up":[{"embeddable":true,"href":"https:\/\/www.atmos.eu\/en\/wp-json\/wp\/v2\/product\/10996"}],"wp:featuredmedia":[{"embeddable":true,"href":"https:\/\/www.atmos.eu\/en\/wp-json\/wp\/v2\/media\/3574"}],"wp:attachment":[{"href":"https:\/\/www.atmos.eu\/en\/wp-json\/wp\/v2\/media?parent=29471"}],"curies":[{"name":"wp","href":"https:\/\/api.w.org\/{rel}","templated":true}]}}